{"id":26998,"date":"2025-01-22T13:51:25","date_gmt":"2025-01-22T12:51:25","guid":{"rendered":"https:\/\/www.certest.es\/shine-i1910\/"},"modified":"2025-05-13T13:29:30","modified_gmt":"2025-05-13T11:29:30","slug":"shine-i1910","status":"publish","type":"page","link":"https:\/\/www.certest.es\/es\/clia\/analizadores-de-particulas-magneticas\/shine-i1910\/","title":{"rendered":"Shine i1910"},"content":{"rendered":"<p><div class=\"fusion-fullwidth fullwidth-box fusion-builder-row-1 fusion-flex-container has-pattern-background has-mask-background nonhundred-percent-fullwidth non-hundred-percent-height-scrolling\" style=\"--awb-border-radius-top-left:0px;--awb-border-radius-top-right:0px;--awb-border-radius-bottom-right:0px;--awb-border-radius-bottom-left:0px;--awb-background-color:#f2f7f9;--awb-flex-wrap:wrap;\" ><div class=\"fusion-builder-row fusion-row fusion-flex-align-items-center fusion-flex-content-wrap\" style=\"max-width:1352px;margin-left: calc(-4% \/ 2 );margin-right: calc(-4% \/ 2 );\"><div class=\"fusion-layout-column fusion_builder_column fusion-builder-column-0 fusion_builder_column_1_1 1_1 fusion-flex-column\" style=\"--awb-padding-top:30px;--awb-padding-bottom:30px;--awb-bg-size:cover;--awb-width-large:100%;--awb-margin-top-large:0px;--awb-spacing-right-large:1.92%;--awb-margin-bottom-large:0px;--awb-spacing-left-large:1.92%;--awb-width-medium:100%;--awb-order-medium:0;--awb-spacing-right-medium:1.92%;--awb-spacing-left-medium:1.92%;--awb-width-small:100%;--awb-order-small:0;--awb-spacing-right-small:1.92%;--awb-spacing-left-small:1.92%;\" data-scroll-devices=\"small-visibility,medium-visibility,large-visibility\"><div class=\"fusion-column-wrapper fusion-column-has-shadow fusion-flex-justify-content-flex-start fusion-content-layout-row fusion-flex-align-items-center\"><div class=\"fusion-image-element \" style=\"--awb-margin-right:20px;--awb-caption-title-font-family:var(--h2_typography-font-family);--awb-caption-title-font-weight:var(--h2_typography-font-weight);--awb-caption-title-font-style:var(--h2_typography-font-style);--awb-caption-title-size:var(--h2_typography-font-size);--awb-caption-title-transform:var(--h2_typography-text-transform);--awb-caption-title-line-height:var(--h2_typography-line-height);--awb-caption-title-letter-spacing:var(--h2_typography-letter-spacing);\"><span class=\" fusion-imageframe imageframe-none imageframe-1 hover-type-none\"><img decoding=\"async\" width=\"62\" height=\"48\" title=\"icon-mpa\" src=\"https:\/\/www.certest.es\/wp-content\/uploads\/2025\/01\/icon-mpa.png\" alt class=\"img-responsive wp-image-26704\"\/><\/span><\/div><div class=\"fusion-title title fusion-title-1 fusion-sep-none fusion-title-text fusion-title-size-two\" style=\"--awb-text-color:var(--awb-color6);--awb-margin-bottom:0px;--awb-font-size:30px;\"><h2 class=\"fusion-title-heading title-heading-left fusion-responsive-typography-calculated\" style=\"font-family:&quot;Lato&quot;;font-style:normal;font-weight:700;margin:0;font-size:1em;--fontSize:30;line-height:1.3;\">Analizadores de part\u00edculas magn\u00e9ticas<\/h2><\/div><\/div><\/div><\/div><\/div><div class=\"fusion-fullwidth fullwidth-box fusion-builder-row-2 fusion-flex-container has-pattern-background has-mask-background nonhundred-percent-fullwidth non-hundred-percent-height-scrolling\" style=\"--awb-border-radius-top-left:0px;--awb-border-radius-top-right:0px;--awb-border-radius-bottom-right:0px;--awb-border-radius-bottom-left:0px;--awb-padding-top:50px;--awb-padding-bottom:50px;--awb-flex-wrap:wrap;\" ><div class=\"fusion-builder-row fusion-row fusion-flex-align-items-flex-start fusion-flex-justify-content-center fusion-flex-content-wrap\" style=\"max-width:1352px;margin-left: calc(-4% \/ 2 );margin-right: calc(-4% \/ 2 );\"><div class=\"fusion-layout-column fusion_builder_column fusion-builder-column-1 fusion_builder_column_2_5 2_5 fusion-flex-column\" style=\"--awb-bg-size:cover;--awb-width-large:40%;--awb-margin-top-large:0px;--awb-spacing-right-large:4.8%;--awb-margin-bottom-large:20px;--awb-spacing-left-large:4.8%;--awb-width-medium:100%;--awb-order-medium:0;--awb-spacing-right-medium:1.92%;--awb-spacing-left-medium:1.92%;--awb-width-small:100%;--awb-order-small:0;--awb-spacing-right-small:1.92%;--awb-spacing-left-small:1.92%;\" data-scroll-devices=\"small-visibility,medium-visibility,large-visibility\"><div class=\"fusion-column-wrapper fusion-column-has-shadow fusion-flex-justify-content-flex-start fusion-content-layout-column\"><div class=\"fusion-separator fusion-full-width-sep\" style=\"align-self: center;margin-left: auto;margin-right: auto;margin-top:40px;width:100%;\"><\/div><div class=\"fusion-title title fusion-title-2 fusion-sep-none fusion-title-text fusion-title-size-two\" style=\"--awb-text-color:var(--awb-color6);--awb-margin-bottom:0px;--awb-font-size:50px;\"><h2 class=\"fusion-title-heading title-heading-left fusion-responsive-typography-calculated\" style=\"font-family:&quot;Lato&quot;;font-style:normal;font-weight:700;margin:0;font-size:1em;--fontSize:50;line-height:1.3;\">Shine i1910 <span style=\"color: #747474; font-size: 16px;\">CL-007<\/span><\/h2><\/div><div class=\"fusion-separator fusion-full-width-sep\" style=\"align-self: center;margin-left: auto;margin-right: auto;margin-top:40px;width:100%;\"><\/div><div class=\"fusion-text fusion-text-1\" style=\"--awb-content-alignment:left;--awb-font-size:21px;--awb-letter-spacing:0.02em;--awb-text-color:#999999;\"><p>Soluci\u00f3n automatizada para CLIA Flash con part\u00edculas magn\u00e9ticas para la detecci\u00f3n de ant\u00edgenos. Shine i1910 e i2910 han sido dise\u00f1ados para realizar CLIA Flash combinando part\u00edculas magn\u00e9ticas y marcaje con \u00c9ster de Acridinio.<\/p>\n<\/div><\/div><\/div><div class=\"fusion-layout-column fusion_builder_column fusion-builder-column-2 fusion_builder_column_3_5 3_5 fusion-flex-column\" style=\"--awb-bg-size:cover;--awb-width-large:60%;--awb-margin-top-large:0px;--awb-spacing-right-large:3.2%;--awb-margin-bottom-large:20px;--awb-spacing-left-large:3.2%;--awb-width-medium:100%;--awb-order-medium:0;--awb-spacing-right-medium:1.92%;--awb-spacing-left-medium:1.92%;--awb-width-small:100%;--awb-order-small:0;--awb-spacing-right-small:1.92%;--awb-spacing-left-small:1.92%;\"><div class=\"fusion-column-wrapper fusion-column-has-shadow fusion-flex-justify-content-flex-start fusion-content-layout-column\"><div class=\"fusion-image-element \" style=\"text-align:center;--awb-max-width:380px;--awb-caption-title-font-family:var(--h2_typography-font-family);--awb-caption-title-font-weight:var(--h2_typography-font-weight);--awb-caption-title-font-style:var(--h2_typography-font-style);--awb-caption-title-size:var(--h2_typography-font-size);--awb-caption-title-transform:var(--h2_typography-text-transform);--awb-caption-title-line-height:var(--h2_typography-line-height);--awb-caption-title-letter-spacing:var(--h2_typography-letter-spacing);\"><span class=\" fusion-imageframe imageframe-none imageframe-2 hover-type-zoomin\"><img decoding=\"async\" width=\"669\" height=\"900\" title=\"Equipo-Shine&#8211;i2910&#8211;sin-logored\" src=\"https:\/\/www.certest.es\/wp-content\/uploads\/2025\/01\/Equipo-Shine-i2910-sin-logored.png\" alt class=\"img-responsive wp-image-26695\" srcset=\"https:\/\/www.certest.es\/wp-content\/uploads\/2025\/01\/Equipo-Shine-i2910-sin-logored-200x269.png 200w, https:\/\/www.certest.es\/wp-content\/uploads\/2025\/01\/Equipo-Shine-i2910-sin-logored-400x538.png 400w, https:\/\/www.certest.es\/wp-content\/uploads\/2025\/01\/Equipo-Shine-i2910-sin-logored-600x807.png 600w, https:\/\/www.certest.es\/wp-content\/uploads\/2025\/01\/Equipo-Shine-i2910-sin-logored.png 669w\" sizes=\"(max-width: 1050px) 100vw, (max-width: 640px) 100vw, 669px\" \/><\/span><\/div><\/div><\/div><\/div><\/div><div class=\"fusion-fullwidth fullwidth-box fusion-builder-row-3 fusion-flex-container has-pattern-background has-mask-background fusion-parallax-none nonhundred-percent-fullwidth non-hundred-percent-height-scrolling\" style=\"--awb-background-position:right center;--awb-border-radius-top-left:0px;--awb-border-radius-top-right:0px;--awb-border-radius-bottom-right:0px;--awb-border-radius-bottom-left:0px;--awb-margin-bottom:50px;--awb-background-image:url(&quot;https:\/\/www.certest.es\/wp-content\/uploads\/2025\/01\/bg-points.png&quot;);--awb-background-size:196px;--awb-flex-wrap:wrap;\" ><div class=\"fusion-builder-row fusion-row fusion-flex-align-items-flex-start fusion-flex-justify-content-center fusion-flex-content-wrap\" style=\"max-width:1352px;margin-left: calc(-4% \/ 2 );margin-right: calc(-4% \/ 2 );\"><div class=\"fusion-layout-column fusion_builder_column fusion-builder-column-3 fusion_builder_column_1_1 1_1 fusion-flex-column\" style=\"--awb-bg-size:cover;--awb-width-large:100%;--awb-margin-top-large:0px;--awb-spacing-right-large:1.92%;--awb-margin-bottom-large:20px;--awb-spacing-left-large:1.92%;--awb-width-medium:100%;--awb-order-medium:0;--awb-spacing-right-medium:1.92%;--awb-spacing-left-medium:1.92%;--awb-width-small:100%;--awb-order-small:0;--awb-spacing-right-small:1.92%;--awb-spacing-left-small:1.92%;\"><div class=\"fusion-column-wrapper fusion-column-has-shadow fusion-flex-justify-content-flex-start fusion-content-layout-column\"><div class=\"fusion-title title fusion-title-3 fusion-sep-none fusion-title-text fusion-title-size-three\" style=\"--awb-text-color:var(--awb-color6);--awb-margin-bottom:0px;--awb-font-size:40px;\"><h3 class=\"fusion-title-heading title-heading-left fusion-responsive-typography-calculated\" style=\"font-family:&quot;Lato&quot;;font-style:normal;font-weight:700;margin:0;font-size:1em;--fontSize:40;line-height:1.3;\">Especificaciones t\u00e9cnicas<\/h3><\/div><div class=\"fusion-separator fusion-full-width-sep\" style=\"align-self: center;margin-left: auto;margin-right: auto;margin-top:20px;width:100%;\"><\/div><\/div><\/div><div class=\"fusion-layout-column fusion_builder_column fusion-builder-column-4 fusion_builder_column_1_2 1_2 fusion-flex-column\" style=\"--awb-bg-size:cover;--awb-width-large:50%;--awb-margin-top-large:0px;--awb-spacing-right-large:3.84%;--awb-margin-bottom-large:20px;--awb-spacing-left-large:3.84%;--awb-width-medium:100%;--awb-order-medium:0;--awb-spacing-right-medium:1.92%;--awb-spacing-left-medium:1.92%;--awb-width-small:100%;--awb-order-small:0;--awb-spacing-right-small:1.92%;--awb-spacing-left-small:1.92%;\"><div class=\"fusion-column-wrapper fusion-column-has-shadow fusion-flex-justify-content-flex-start fusion-content-layout-column\">\n<div class=\"table-1 mpa-table\" style=\"--awb-margin-right:0px;--awb-margin-left:0px;\">\n<table width=\"100%\">\n<thead>\n<tr>\n<th align=\"left\">Descripci\u00f3n general<\/th>\n<th align=\"left\">CL-007<\/th>\n<\/tr>\n<\/thead>\n<tbody>\n<tr>\n<td align=\"left\">Principio<\/td>\n<td align=\"left\">Direct CLIA<\/td>\n<\/tr>\n<tr>\n<td align=\"left\">Rendimiento<\/td>\n<td align=\"left\">60 test\/hora<\/td>\n<\/tr>\n<tr>\n<td align=\"left\">Tiempo hasta el primer<br \/>\nresultado<\/td>\n<td align=\"left\">\u2264 30 min<\/td>\n<\/tr>\n<tr>\n<td align=\"left\">Conexi\u00f3n LIS<\/td>\n<td align=\"left\">Bidireccional<\/td>\n<\/tr>\n<tr>\n<td align=\"left\">Carga de cubetas de ensayo<\/td>\n<td align=\"left\">200 cubetas, carga y descarga<br \/>\ncontinua<\/td>\n<\/tr>\n<tr>\n<td align=\"left\">Carga de sustrato<\/td>\n<td align=\"left\">2 botes<\/td>\n<\/tr>\n<tr>\n<td align=\"left\">Residuos s\u00f3lidos<\/td>\n<td align=\"left\">Hasta 350 copas de ensayo<\/td>\n<\/tr>\n<tr>\n<td align=\"left\">Residuos l\u00edquidos<\/td>\n<td align=\"left\">Contenedor de 20 L<\/td>\n<\/tr>\n<\/tbody>\n<\/table>\n<\/div>\n\n<div class=\"table-1 mpa-table\" style=\"--awb-margin-right:0px;--awb-margin-left:0px;\">\n<table width=\"100%\">\n<thead>\n<tr>\n<th align=\"left\">Informaci\u00f3n f\u00edsica<\/th>\n<th align=\"left\">CL-007<\/th>\n<\/tr>\n<\/thead>\n<tbody>\n<tr>\n<td align=\"left\">Construcci\u00f3n<\/td>\n<td align=\"left\">Escritorio<\/td>\n<\/tr>\n<tr>\n<td align=\"left\">Peso<\/td>\n<td align=\"left\">&lt; 60 kg<\/td>\n<\/tr>\n<tr>\n<td align=\"left\">Dimensiones<\/td>\n<td align=\"left\">433 (L) x 679 (W) x 638 (H)<\/td>\n<\/tr>\n<\/tbody>\n<\/table>\n<\/div>\n<\/div><\/div><div class=\"fusion-layout-column fusion_builder_column fusion-builder-column-5 fusion_builder_column_1_2 1_2 fusion-flex-column\" style=\"--awb-bg-size:cover;--awb-width-large:50%;--awb-margin-top-large:0px;--awb-spacing-right-large:3.84%;--awb-margin-bottom-large:20px;--awb-spacing-left-large:3.84%;--awb-width-medium:100%;--awb-order-medium:0;--awb-spacing-right-medium:1.92%;--awb-spacing-left-medium:1.92%;--awb-width-small:100%;--awb-order-small:0;--awb-spacing-right-small:1.92%;--awb-spacing-left-small:1.92%;\"><div class=\"fusion-column-wrapper fusion-column-has-shadow fusion-flex-justify-content-flex-start fusion-content-layout-column\">\n<div class=\"table-1 mpa-table\" style=\"--awb-margin-right:0px;--awb-margin-left:0px;\">\n<table width=\"100%\">\n<thead>\n<tr>\n<th align=\"left\">Conjunto de muestra<\/th>\n<th align=\"left\">CL-007<\/th>\n<\/tr>\n<\/thead>\n<tbody>\n<tr>\n<td align=\"left\">Rack de muestras<\/td>\n<td align=\"left\">Disco interno de reactivos<\/td>\n<\/tr>\n<tr>\n<td align=\"left\">Capacidad de muestras<\/td>\n<td align=\"left\">30<\/td>\n<\/tr>\n<tr>\n<td align=\"left\">Tipo de muestra<\/td>\n<td align=\"left\">Suero, heces, respiratorio<\/td>\n<\/tr>\n<tr>\n<td align=\"left\">Sonda de muestra<\/td>\n<td align=\"left\">Sonda \u00fanica de acero para muestras<br \/>\ny reactivos<\/td>\n<\/tr>\n<tr>\n<td align=\"left\">Detecci\u00f3n de sonda<\/td>\n<td align=\"left\">Detecci\u00f3n de co\u00e1gulos, burbujas<br \/>\ny l\u00edquidos<\/td>\n<\/tr>\n<tr>\n<td align=\"left\">Tubo de muestra<\/td>\n<td align=\"left\">Opcional<\/td>\n<\/tr>\n<tr>\n<td align=\"left\">Lectura de c\u00f3digo de<br \/>\nbarras<\/td>\n<td align=\"left\">Externo<\/td>\n<\/tr>\n<tr>\n<td align=\"left\">Acceso aleatorio<\/td>\n<td align=\"left\">No<\/td>\n<\/tr>\n<\/tbody>\n<\/table>\n<\/div>\n\n<div class=\"table-1 mpa-table\" style=\"--awb-margin-right:0px;--awb-margin-left:0px;\">\n<table width=\"100%\">\n<thead>\n<tr>\n<th align=\"left\">Conjunto de reactivo<\/th>\n<th align=\"left\">CL-007<\/th>\n<\/tr>\n<\/thead>\n<tbody>\n<tr>\n<td align=\"left\">Rack de reactivos<\/td>\n<td align=\"left\">Disco interno de reactivos<\/td>\n<\/tr>\n<tr>\n<td align=\"left\">Capacidad de reactivos<\/td>\n<td align=\"left\">10<\/td>\n<\/tr>\n<tr>\n<td align=\"left\">Sistema de refrigeraci\u00f3n<\/td>\n<td align=\"left\">2-8\u00baC<\/td>\n<\/tr>\n<tr>\n<td align=\"left\">Mezcla de reactivos<\/td>\n<td align=\"left\">Mezcla rotativa sin contacto<br \/>\npara part\u00edculas magn\u00e9ticas.<\/td>\n<\/tr>\n<tr>\n<td align=\"left\">Tipo de reactivos<\/td>\n<td align=\"left\">Reactantes l\u00edquidos 100% listos para usar.<\/td>\n<\/tr>\n<tr>\n<td align=\"left\">Modo de calibraci\u00f3n<\/td>\n<td align=\"left\">Opcional<\/td>\n<\/tr>\n<\/tbody>\n<\/table>\n<\/div>\n<\/div><\/div><\/div><\/div><\/p>\n","protected":false},"excerpt":{"rendered":"","protected":false},"author":1,"featured_media":0,"parent":27003,"menu_order":0,"comment_status":"closed","ping_status":"closed","template":"100-width.php","meta":{"_acf_changed":false,"footnotes":""},"class_list":["post-26998","page","type-page","status-publish","hentry"],"acf":[],"yoast_head":"<!-- This site is optimized with the Yoast SEO plugin v26.4 - https:\/\/yoast.com\/wordpress\/plugins\/seo\/ -->\n<title>Shine i1910 - Certest Biotec - Raw Materials | Diagnostics | Pharma<\/title>\n<meta name=\"robots\" content=\"index, follow, max-snippet:-1, max-image-preview:large, max-video-preview:-1\" \/>\n<link rel=\"canonical\" href=\"https:\/\/www.certest.es\/es\/clia\/analizadores-de-particulas-magneticas\/shine-i1910\/\" \/>\n<meta property=\"og:locale\" content=\"es_ES\" \/>\n<meta property=\"og:type\" content=\"article\" \/>\n<meta property=\"og:title\" content=\"Shine i1910 - Certest Biotec - Raw Materials | Diagnostics | Pharma\" \/>\n<meta property=\"og:url\" content=\"https:\/\/www.certest.es\/es\/clia\/analizadores-de-particulas-magneticas\/shine-i1910\/\" \/>\n<meta property=\"og:site_name\" content=\"Certest Biotec - Raw Materials | Diagnostics | Pharma\" \/>\n<meta property=\"article:modified_time\" content=\"2025-05-13T11:29:30+00:00\" \/>\n<meta name=\"twitter:card\" content=\"summary_large_image\" \/>\n<meta name=\"twitter:label1\" content=\"Tiempo de lectura\" \/>\n\t<meta name=\"twitter:data1\" content=\"2 minutos\" \/>\n<script type=\"application\/ld+json\" class=\"yoast-schema-graph\">{\"@context\":\"https:\/\/schema.org\",\"@graph\":[{\"@type\":\"WebPage\",\"@id\":\"https:\/\/www.certest.es\/es\/clia\/analizadores-de-particulas-magneticas\/shine-i1910\/\",\"url\":\"https:\/\/www.certest.es\/es\/clia\/analizadores-de-particulas-magneticas\/shine-i1910\/\",\"name\":\"Shine i1910 - Certest Biotec - Raw Materials | Diagnostics | Pharma\",\"isPartOf\":{\"@id\":\"https:\/\/www.certest.es\/#website\"},\"datePublished\":\"2025-01-22T12:51:25+00:00\",\"dateModified\":\"2025-05-13T11:29:30+00:00\",\"breadcrumb\":{\"@id\":\"https:\/\/www.certest.es\/es\/clia\/analizadores-de-particulas-magneticas\/shine-i1910\/#breadcrumb\"},\"inLanguage\":\"es\",\"potentialAction\":[{\"@type\":\"ReadAction\",\"target\":[\"https:\/\/www.certest.es\/es\/clia\/analizadores-de-particulas-magneticas\/shine-i1910\/\"]}]},{\"@type\":\"BreadcrumbList\",\"@id\":\"https:\/\/www.certest.es\/es\/clia\/analizadores-de-particulas-magneticas\/shine-i1910\/#breadcrumb\",\"itemListElement\":[{\"@type\":\"ListItem\",\"position\":1,\"name\":\"Portada\",\"item\":\"https:\/\/www.certest.es\/es\/\"},{\"@type\":\"ListItem\",\"position\":2,\"name\":\"CLIA\",\"item\":\"https:\/\/www.certest.es\/es\/clia\/\"},{\"@type\":\"ListItem\",\"position\":3,\"name\":\"Analizadores de part\u00edculas magn\u00e9ticas\",\"item\":\"https:\/\/www.certest.es\/es\/clia\/analizadores-de-particulas-magneticas\/\"},{\"@type\":\"ListItem\",\"position\":4,\"name\":\"Shine i1910\"}]},{\"@type\":\"WebSite\",\"@id\":\"https:\/\/www.certest.es\/#website\",\"url\":\"https:\/\/www.certest.es\/\",\"name\":\"Certest Biotec - Raw Materials | Diagnostics | Pharma\",\"description\":\"Productos para diagn\u00f3stico in vitro\",\"potentialAction\":[{\"@type\":\"SearchAction\",\"target\":{\"@type\":\"EntryPoint\",\"urlTemplate\":\"https:\/\/www.certest.es\/?s={search_term_string}\"},\"query-input\":{\"@type\":\"PropertyValueSpecification\",\"valueRequired\":true,\"valueName\":\"search_term_string\"}}],\"inLanguage\":\"es\"}]}<\/script>\n<!-- \/ Yoast SEO plugin. -->","yoast_head_json":{"title":"Shine i1910 - Certest Biotec - Raw Materials | Diagnostics | Pharma","robots":{"index":"index","follow":"follow","max-snippet":"max-snippet:-1","max-image-preview":"max-image-preview:large","max-video-preview":"max-video-preview:-1"},"canonical":"https:\/\/www.certest.es\/es\/clia\/analizadores-de-particulas-magneticas\/shine-i1910\/","og_locale":"es_ES","og_type":"article","og_title":"Shine i1910 - Certest Biotec - Raw Materials | Diagnostics | Pharma","og_url":"https:\/\/www.certest.es\/es\/clia\/analizadores-de-particulas-magneticas\/shine-i1910\/","og_site_name":"Certest Biotec - Raw Materials | Diagnostics | Pharma","article_modified_time":"2025-05-13T11:29:30+00:00","twitter_card":"summary_large_image","twitter_misc":{"Tiempo de lectura":"2 minutos"},"schema":{"@context":"https:\/\/schema.org","@graph":[{"@type":"WebPage","@id":"https:\/\/www.certest.es\/es\/clia\/analizadores-de-particulas-magneticas\/shine-i1910\/","url":"https:\/\/www.certest.es\/es\/clia\/analizadores-de-particulas-magneticas\/shine-i1910\/","name":"Shine i1910 - Certest Biotec - Raw Materials | Diagnostics | Pharma","isPartOf":{"@id":"https:\/\/www.certest.es\/#website"},"datePublished":"2025-01-22T12:51:25+00:00","dateModified":"2025-05-13T11:29:30+00:00","breadcrumb":{"@id":"https:\/\/www.certest.es\/es\/clia\/analizadores-de-particulas-magneticas\/shine-i1910\/#breadcrumb"},"inLanguage":"es","potentialAction":[{"@type":"ReadAction","target":["https:\/\/www.certest.es\/es\/clia\/analizadores-de-particulas-magneticas\/shine-i1910\/"]}]},{"@type":"BreadcrumbList","@id":"https:\/\/www.certest.es\/es\/clia\/analizadores-de-particulas-magneticas\/shine-i1910\/#breadcrumb","itemListElement":[{"@type":"ListItem","position":1,"name":"Portada","item":"https:\/\/www.certest.es\/es\/"},{"@type":"ListItem","position":2,"name":"CLIA","item":"https:\/\/www.certest.es\/es\/clia\/"},{"@type":"ListItem","position":3,"name":"Analizadores de part\u00edculas magn\u00e9ticas","item":"https:\/\/www.certest.es\/es\/clia\/analizadores-de-particulas-magneticas\/"},{"@type":"ListItem","position":4,"name":"Shine i1910"}]},{"@type":"WebSite","@id":"https:\/\/www.certest.es\/#website","url":"https:\/\/www.certest.es\/","name":"Certest Biotec - Raw Materials | Diagnostics | Pharma","description":"Productos para diagn\u00f3stico in vitro","potentialAction":[{"@type":"SearchAction","target":{"@type":"EntryPoint","urlTemplate":"https:\/\/www.certest.es\/?s={search_term_string}"},"query-input":{"@type":"PropertyValueSpecification","valueRequired":true,"valueName":"search_term_string"}}],"inLanguage":"es"}]}},"_links":{"self":[{"href":"https:\/\/www.certest.es\/es\/wp-json\/wp\/v2\/pages\/26998","targetHints":{"allow":["GET"]}}],"collection":[{"href":"https:\/\/www.certest.es\/es\/wp-json\/wp\/v2\/pages"}],"about":[{"href":"https:\/\/www.certest.es\/es\/wp-json\/wp\/v2\/types\/page"}],"author":[{"embeddable":true,"href":"https:\/\/www.certest.es\/es\/wp-json\/wp\/v2\/users\/1"}],"replies":[{"embeddable":true,"href":"https:\/\/www.certest.es\/es\/wp-json\/wp\/v2\/comments?post=26998"}],"version-history":[{"count":0,"href":"https:\/\/www.certest.es\/es\/wp-json\/wp\/v2\/pages\/26998\/revisions"}],"up":[{"embeddable":true,"href":"https:\/\/www.certest.es\/es\/wp-json\/wp\/v2\/pages\/27003"}],"wp:attachment":[{"href":"https:\/\/www.certest.es\/es\/wp-json\/wp\/v2\/media?parent=26998"}],"curies":[{"name":"wp","href":"https:\/\/api.w.org\/{rel}","templated":true}]}}