{"id":24673,"date":"2023-10-13T17:43:38","date_gmt":"2023-10-13T15:43:38","guid":{"rendered":"https:\/\/www.certest.es\/?page_id=24673"},"modified":"2023-11-22T10:31:49","modified_gmt":"2023-11-22T09:31:49","slug":"programa-moves-ii","status":"publish","type":"page","link":"https:\/\/www.certest.es\/es\/compania\/sostenibilidad\/programa-moves-ii\/","title":{"rendered":"Programa MOVES II"},"content":{"rendered":"<div class=\"fusion-fullwidth fullwidth-box fusion-builder-row-1 fusion-flex-container nonhundred-percent-fullwidth non-hundred-percent-height-scrolling\" style=\"--awb-border-radius-top-left:0px;--awb-border-radius-top-right:0px;--awb-border-radius-bottom-right:0px;--awb-border-radius-bottom-left:0px;--awb-padding-top:40px;--awb-padding-bottom:40px;--awb-flex-wrap:wrap;\" ><div class=\"fusion-builder-row fusion-row fusion-flex-align-items-flex-start fusion-flex-justify-content-space-between fusion-flex-content-wrap\" style=\"max-width:1352px;margin-left: calc(-4% \/ 2 );margin-right: calc(-4% \/ 2 );\"><div class=\"fusion-layout-column fusion_builder_column fusion-builder-column-0 fusion_builder_column_3_5 3_5 fusion-flex-column\" style=\"--awb-bg-size:cover;--awb-width-large:60%;--awb-margin-top-large:0px;--awb-spacing-right-large:3.2%;--awb-margin-bottom-large:20px;--awb-spacing-left-large:3.2%;--awb-width-medium:100%;--awb-order-medium:0;--awb-spacing-right-medium:1.92%;--awb-spacing-left-medium:1.92%;--awb-width-small:100%;--awb-order-small:0;--awb-spacing-right-small:1.92%;--awb-spacing-left-small:1.92%;\"><div class=\"fusion-column-wrapper fusion-column-has-shadow fusion-flex-justify-content-flex-start fusion-content-layout-column\"><div class=\"fusion-separator fusion-full-width-sep\" style=\"align-self: center;margin-left: auto;margin-right: auto;margin-top:30px;width:100%;\"><\/div><div class=\"fusion-title title fusion-title-1 fusion-sep-none fusion-title-text fusion-title-size-one\"><h1 class=\"fusion-title-heading title-heading-left fusion-responsive-typography-calculated\" style=\"margin:0;--fontSize:40;line-height:1.3;\">Programa MOVES II<\/h1><\/div><div class=\"fusion-separator fusion-full-width-sep\" style=\"align-self: center;margin-left: auto;margin-right: auto;margin-top:0px;margin-bottom:30px;width:100%;max-width:100%;\"><div class=\"fusion-separator-border sep-single sep-solid\" style=\"--awb-height:20px;--awb-amount:20px;--awb-sep-color:#dee1e3;border-color:#dee1e3;border-top-width:3px;\"><\/div><\/div><div class=\"fusion-text fusion-text-1\"><p>Certest ha sido beneficiaria de tres ayudas procedentes del programa Moves II en Arag\u00f3n.<\/p>\n<p>Por un lado, mediante las actuaciones MovesII-A20072 y MovesII-A20074, Certest ha puesto a disposici\u00f3n de los empleados dos estaciones de recarga, una de ellas multipunto AC y otras de recarga r\u00e1pida en DC. Ambas est\u00e1n colocadas en los accesos de las instalaciones de la entidad. Adem\u00e1s, la empresa ha adquirido un veh\u00edculo el\u00e9ctrico para su flota (actuaci\u00f3n MovesII-A1-0046).<\/p>\n<p>Este programa ha sido financiado por el Ministerio para la Transici\u00f3n Ecol\u00f3gica y el Reto Demogr\u00e1fico a trav\u00e9s del \u00abPrograma de incentivos a la Movilidad Eficiente y Sostenible, MOVES II\u201d, cofinanciado con el Fondo Europeo de Desarrollo Regional (FEDER) a trav\u00e9s de la convocatoria realizada por IDAE.<\/p>\n<p>Mediante estas actuaciones, Certest contin\u00faa apostando por el cambio hacia un nuevo modelo energ\u00e9tico y una movilidad m\u00e1s sostenible.<\/p>\n<\/div><\/div><\/div><div class=\"fusion-layout-column fusion_builder_column fusion-builder-column-1 fusion_builder_column_1_3 1_3 fusion-flex-column\" style=\"--awb-bg-size:cover;--awb-width-large:33.333333333333%;--awb-margin-top-large:0px;--awb-spacing-right-large:5.76%;--awb-margin-bottom-large:20px;--awb-spacing-left-large:5.76%;--awb-width-medium:100%;--awb-order-medium:0;--awb-spacing-right-medium:1.92%;--awb-spacing-left-medium:1.92%;--awb-width-small:100%;--awb-order-small:0;--awb-spacing-right-small:1.92%;--awb-spacing-left-small:1.92%;\"><div class=\"fusion-column-wrapper fusion-column-has-shadow fusion-flex-justify-content-flex-start fusion-content-layout-column\"><div class=\"fusion-image-element \" style=\"--awb-caption-title-font-family:var(--h2_typography-font-family);--awb-caption-title-font-weight:var(--h2_typography-font-weight);--awb-caption-title-font-style:var(--h2_typography-font-style);--awb-caption-title-size:var(--h2_typography-font-size);--awb-caption-title-transform:var(--h2_typography-text-transform);--awb-caption-title-line-height:var(--h2_typography-line-height);--awb-caption-title-letter-spacing:var(--h2_typography-letter-spacing);\"><span class=\" fusion-imageframe imageframe-none imageframe-1 hover-type-none\"><img decoding=\"async\" width=\"1210\" height=\"477\" title=\"Movies II\" src=\"https:\/\/www.certest.es\/wp-content\/uploads\/2021\/11\/Movies-II.png\" alt class=\"img-responsive wp-image-19490\" srcset=\"https:\/\/www.certest.es\/wp-content\/uploads\/2021\/11\/Movies-II-200x79.png 200w, https:\/\/www.certest.es\/wp-content\/uploads\/2021\/11\/Movies-II-400x158.png 400w, https:\/\/www.certest.es\/wp-content\/uploads\/2021\/11\/Movies-II-600x237.png 600w, https:\/\/www.certest.es\/wp-content\/uploads\/2021\/11\/Movies-II-800x315.png 800w, https:\/\/www.certest.es\/wp-content\/uploads\/2021\/11\/Movies-II-1200x473.png 1200w, https:\/\/www.certest.es\/wp-content\/uploads\/2021\/11\/Movies-II.png 1210w\" sizes=\"(max-width: 1050px) 100vw, (max-width: 640px) 100vw, 400px\" \/><\/span><\/div><div class=\"fusion-separator fusion-full-width-sep\" style=\"align-self: center;margin-left: auto;margin-right: auto;margin-top:30px;width:100%;\"><\/div><div class=\"fusion-text fusion-text-2\"><div class=\"ct-subvenciones-presupuesto\">\n<p class=\"ct-subvenciones-dato\">Presupuesto<\/p>\n<p class=\"ct-subvenciones-respuesta\">74.867 \u20ac (importe concedido: 14.033 \u20ac)<\/p>\n<\/div>\n<\/div><div class=\"fusion-text fusion-text-3\"><div class=\"ct-subvenciones-presupuesto\">\n<p class=\"ct-subvenciones-dato\">Periodo de ejecuci\u00f3n<\/p>\n<p class=\"ct-subvenciones-respuesta\">Septiembre 2020 \u2013 Octubre 2022<\/p>\n<\/div>\n<\/div><\/div><\/div><\/div><\/div>\n","protected":false},"excerpt":{"rendered":"","protected":false},"author":1,"featured_media":0,"parent":14477,"menu_order":0,"comment_status":"closed","ping_status":"closed","template":"","meta":{"_acf_changed":false,"footnotes":""},"class_list":["post-24673","page","type-page","status-publish","hentry"],"acf":[],"yoast_head":"<!-- This site is optimized with the Yoast SEO plugin v26.4 - https:\/\/yoast.com\/wordpress\/plugins\/seo\/ -->\n<title>Programa MOVES II - Certest Biotec - Raw Materials | Diagnostics | Pharma<\/title>\n<meta name=\"robots\" content=\"index, follow, max-snippet:-1, max-image-preview:large, max-video-preview:-1\" \/>\n<link rel=\"canonical\" href=\"https:\/\/www.certest.es\/company\/sustainability\/moves-ii-program\/\" \/>\n<meta property=\"og:locale\" content=\"es_ES\" \/>\n<meta property=\"og:type\" content=\"article\" \/>\n<meta property=\"og:title\" content=\"Programa MOVES II - Certest Biotec - Raw Materials | Diagnostics | Pharma\" \/>\n<meta property=\"og:url\" content=\"https:\/\/www.certest.es\/company\/sustainability\/moves-ii-program\/\" \/>\n<meta property=\"og:site_name\" content=\"Certest Biotec - Raw Materials | Diagnostics | Pharma\" \/>\n<meta property=\"article:modified_time\" content=\"2023-11-22T09:31:49+00:00\" \/>\n<meta name=\"twitter:card\" content=\"summary_large_image\" \/>\n<meta name=\"twitter:label1\" content=\"Tiempo de lectura\" \/>\n\t<meta name=\"twitter:data1\" content=\"3 minutos\" \/>\n<script type=\"application\/ld+json\" class=\"yoast-schema-graph\">{\"@context\":\"https:\/\/schema.org\",\"@graph\":[{\"@type\":\"WebPage\",\"@id\":\"https:\/\/www.certest.es\/company\/sustainability\/moves-ii-program\/\",\"url\":\"https:\/\/www.certest.es\/company\/sustainability\/moves-ii-program\/\",\"name\":\"Programa MOVES II - Certest Biotec - Raw Materials | Diagnostics | Pharma\",\"isPartOf\":{\"@id\":\"https:\/\/www.certest.es\/#website\"},\"datePublished\":\"2023-10-13T15:43:38+00:00\",\"dateModified\":\"2023-11-22T09:31:49+00:00\",\"breadcrumb\":{\"@id\":\"https:\/\/www.certest.es\/company\/sustainability\/moves-ii-program\/#breadcrumb\"},\"inLanguage\":\"es\",\"potentialAction\":[{\"@type\":\"ReadAction\",\"target\":[\"https:\/\/www.certest.es\/company\/sustainability\/moves-ii-program\/\"]}]},{\"@type\":\"BreadcrumbList\",\"@id\":\"https:\/\/www.certest.es\/company\/sustainability\/moves-ii-program\/#breadcrumb\",\"itemListElement\":[{\"@type\":\"ListItem\",\"position\":1,\"name\":\"Portada\",\"item\":\"https:\/\/www.certest.es\/es\/\"},{\"@type\":\"ListItem\",\"position\":2,\"name\":\"Compa\u00f1\u00eda\",\"item\":\"https:\/\/www.certest.es\/es\/compania\/\"},{\"@type\":\"ListItem\",\"position\":3,\"name\":\"Sostenibilidad\",\"item\":\"https:\/\/www.certest.es\/es\/compania\/sostenibilidad\/\"},{\"@type\":\"ListItem\",\"position\":4,\"name\":\"Programa MOVES II\"}]},{\"@type\":\"WebSite\",\"@id\":\"https:\/\/www.certest.es\/#website\",\"url\":\"https:\/\/www.certest.es\/\",\"name\":\"Certest Biotec - Raw Materials | Diagnostics | Pharma\",\"description\":\"Productos para diagn\u00f3stico in vitro\",\"potentialAction\":[{\"@type\":\"SearchAction\",\"target\":{\"@type\":\"EntryPoint\",\"urlTemplate\":\"https:\/\/www.certest.es\/?s={search_term_string}\"},\"query-input\":{\"@type\":\"PropertyValueSpecification\",\"valueRequired\":true,\"valueName\":\"search_term_string\"}}],\"inLanguage\":\"es\"}]}<\/script>\n<!-- \/ Yoast SEO plugin. -->","yoast_head_json":{"title":"Programa MOVES II - Certest Biotec - Raw Materials | Diagnostics | Pharma","robots":{"index":"index","follow":"follow","max-snippet":"max-snippet:-1","max-image-preview":"max-image-preview:large","max-video-preview":"max-video-preview:-1"},"canonical":"https:\/\/www.certest.es\/company\/sustainability\/moves-ii-program\/","og_locale":"es_ES","og_type":"article","og_title":"Programa MOVES II - Certest Biotec - Raw Materials | Diagnostics | Pharma","og_url":"https:\/\/www.certest.es\/company\/sustainability\/moves-ii-program\/","og_site_name":"Certest Biotec - Raw Materials | Diagnostics | Pharma","article_modified_time":"2023-11-22T09:31:49+00:00","twitter_card":"summary_large_image","twitter_misc":{"Tiempo de lectura":"3 minutos"},"schema":{"@context":"https:\/\/schema.org","@graph":[{"@type":"WebPage","@id":"https:\/\/www.certest.es\/company\/sustainability\/moves-ii-program\/","url":"https:\/\/www.certest.es\/company\/sustainability\/moves-ii-program\/","name":"Programa MOVES II - Certest Biotec - Raw Materials | Diagnostics | Pharma","isPartOf":{"@id":"https:\/\/www.certest.es\/#website"},"datePublished":"2023-10-13T15:43:38+00:00","dateModified":"2023-11-22T09:31:49+00:00","breadcrumb":{"@id":"https:\/\/www.certest.es\/company\/sustainability\/moves-ii-program\/#breadcrumb"},"inLanguage":"es","potentialAction":[{"@type":"ReadAction","target":["https:\/\/www.certest.es\/company\/sustainability\/moves-ii-program\/"]}]},{"@type":"BreadcrumbList","@id":"https:\/\/www.certest.es\/company\/sustainability\/moves-ii-program\/#breadcrumb","itemListElement":[{"@type":"ListItem","position":1,"name":"Portada","item":"https:\/\/www.certest.es\/es\/"},{"@type":"ListItem","position":2,"name":"Compa\u00f1\u00eda","item":"https:\/\/www.certest.es\/es\/compania\/"},{"@type":"ListItem","position":3,"name":"Sostenibilidad","item":"https:\/\/www.certest.es\/es\/compania\/sostenibilidad\/"},{"@type":"ListItem","position":4,"name":"Programa MOVES II"}]},{"@type":"WebSite","@id":"https:\/\/www.certest.es\/#website","url":"https:\/\/www.certest.es\/","name":"Certest Biotec - Raw Materials | Diagnostics | Pharma","description":"Productos para diagn\u00f3stico in vitro","potentialAction":[{"@type":"SearchAction","target":{"@type":"EntryPoint","urlTemplate":"https:\/\/www.certest.es\/?s={search_term_string}"},"query-input":{"@type":"PropertyValueSpecification","valueRequired":true,"valueName":"search_term_string"}}],"inLanguage":"es"}]}},"_links":{"self":[{"href":"https:\/\/www.certest.es\/es\/wp-json\/wp\/v2\/pages\/24673","targetHints":{"allow":["GET"]}}],"collection":[{"href":"https:\/\/www.certest.es\/es\/wp-json\/wp\/v2\/pages"}],"about":[{"href":"https:\/\/www.certest.es\/es\/wp-json\/wp\/v2\/types\/page"}],"author":[{"embeddable":true,"href":"https:\/\/www.certest.es\/es\/wp-json\/wp\/v2\/users\/1"}],"replies":[{"embeddable":true,"href":"https:\/\/www.certest.es\/es\/wp-json\/wp\/v2\/comments?post=24673"}],"version-history":[{"count":0,"href":"https:\/\/www.certest.es\/es\/wp-json\/wp\/v2\/pages\/24673\/revisions"}],"up":[{"embeddable":true,"href":"https:\/\/www.certest.es\/es\/wp-json\/wp\/v2\/pages\/14477"}],"wp:attachment":[{"href":"https:\/\/www.certest.es\/es\/wp-json\/wp\/v2\/media?parent=24673"}],"curies":[{"name":"wp","href":"https:\/\/api.w.org\/{rel}","templated":true}]}}