{"id":19354,"date":"2021-10-04T13:40:51","date_gmt":"2021-10-04T11:40:51","guid":{"rendered":"https:\/\/www.certest.es\/privacy-policy\/"},"modified":"2023-02-01T09:38:45","modified_gmt":"2023-02-01T08:38:45","slug":"politica-de-privacidad","status":"publish","type":"page","link":"https:\/\/www.certest.es\/es\/politica-de-privacidad\/","title":{"rendered":"POL\u00cdTICA DE PRIVACIDAD"},"content":{"rendered":"<div class=\"fusion-fullwidth fullwidth-box fusion-builder-row-1 fusion-flex-container nonhundred-percent-fullwidth non-hundred-percent-height-scrolling\" style=\"--awb-border-radius-top-left:0px;--awb-border-radius-top-right:0px;--awb-border-radius-bottom-right:0px;--awb-border-radius-bottom-left:0px;--awb-flex-wrap:wrap;\" ><div class=\"fusion-builder-row fusion-row fusion-flex-align-items-flex-start fusion-flex-content-wrap\" style=\"max-width:1352px;margin-left: calc(-4% \/ 2 );margin-right: calc(-4% \/ 2 );\"><div class=\"fusion-layout-column fusion_builder_column fusion-builder-column-0 fusion_builder_column_1_1 1_1 fusion-flex-column\" style=\"--awb-bg-size:cover;--awb-width-large:100%;--awb-margin-top-large:0px;--awb-spacing-right-large:1.92%;--awb-margin-bottom-large:20px;--awb-spacing-left-large:1.92%;--awb-width-medium:100%;--awb-order-medium:0;--awb-spacing-right-medium:1.92%;--awb-spacing-left-medium:1.92%;--awb-width-small:100%;--awb-order-small:0;--awb-spacing-right-small:1.92%;--awb-spacing-left-small:1.92%;\"><div class=\"fusion-column-wrapper fusion-column-has-shadow fusion-flex-justify-content-flex-start fusion-content-layout-column\"><div class=\"fusion-separator fusion-full-width-sep\" style=\"align-self: center;margin-left: auto;margin-right: auto;margin-top:20px;width:100%;\"><\/div><div class=\"fusion-text fusion-text-1\"><h1><strong>Pol\u00edtica de privacidad<\/strong><\/h1>\n<h2><strong>1. RESPONSABLE DEL TRATAMIENTO DE DATOS PERSONALES<\/strong><\/h2>\n<p>CERTEST BIOTEC, S.L, en adelante \u201cCertest\u201d.<\/p>\n<p>Domicilio: Pol\u00edgono Industrial Rio Gallego II, C\/J, n\u00ba 1; CP. 50840, San Mateo de Gallego (Zaragoza).<\/p>\n<p>Contacto:\u00a0<a href=\"mailto:legal@certest.es\">legal@Certest.es<\/a><\/p>\n<h2><strong>2. FINALIDAD Y LEGITIMACI\u00d3N DEL TRATAMIENTO DE DATOS PERSONALES<\/strong><\/h2>\n<p>El Reglamento General europeo 2016\/679 (\u201cGDPR\u201d) y la Ley Org\u00e1nica 3\/2018 (\u201cLOPD\u201d), de Protecci\u00f3n de Datos, establecen que s\u00f3lo se puede tratar informaci\u00f3n de una persona (sus \u00ab<em>datos personales<\/em>\u00bb) si concurre una de las <strong>bases legitimadoras<\/strong> expresamente previstas en dichas normas. M\u00e1s concretamente, y a este respecto, el art\u00edculo 6 del GDPR establece una lista de las bases que pueden concurrir para legitimar un tratamiento de datos personales.<\/p>\n<p>La aplicaci\u00f3n de una u otra base legitimadora depende, principalmente y en esencia, de para qu\u00e9, de con qu\u00e9 finalidad, se quieren tratar unos datos personales.<\/p>\n<p>Dicho lo anterior, en Certest trataremos sus datos con las finalidades y conforme a las bases legitimadoras que pasamos a detallar a continuaci\u00f3n.<\/p>\n<p style=\"padding-left: 40px;\"><strong>A)<\/strong> En primer lugar, hay una serie de tratamientos que queremos llevar a cabo porque tenemos en ellos un \u00ab<strong>inter\u00e9s leg\u00edtimo<\/strong>\u00bb y porque, adem\u00e1s, entendemos que no perjudican su privacidad. As\u00ed, en Certest hemos hecho lo que se conoce como \u00ab<em>prueba de sopesamiento<\/em>\u00bb. Se trata de un an\u00e1lisis interno para confirmar que nuestro <em>inter\u00e9s leg\u00edtimo<\/em> no perjudica los intereses de nuestros usuarios en la protecci\u00f3n de sus datos personales. En resumen, que su privacidad no resulta perjudicada. Como conclusi\u00f3n de esa prueba, entendemos que prevalece el inter\u00e9s leg\u00edtimo de Certest Biotec, S.L.<\/p>\n<p style=\"padding-left: 40px;\">Por supuesto, sobre estos tratamientos nuestros usuarios tienen en todo caso derecho a (i) obtener m\u00e1s informaci\u00f3n sobre en qu\u00e9 consiste ese \u00abinter\u00e9s leg\u00edtimo\u00bb al que nos referimos, (ii) a saber c\u00f3mo hemos llegado a la conclusi\u00f3n de que no perjudican su privacidad, (iii) o directamente a oponerse a ellos. Podr\u00e1 hacerlo tal y como indicamos a continuaci\u00f3n, indicando el tratamiento concreto al que se opone y los motivos en los que funda su petici\u00f3n.<\/p>\n<p style=\"padding-left: 40px;\">Son los siguientes:<\/p>\n<p style=\"padding-left: 80px;\"><strong>a) Gesti\u00f3n de consultas, quejas\/incidencias reclamaciones y solicitudes realizadas por parte del usuario a trav\u00e9s del formulario de Contacto o de cualquiera de los mails corporativos de Certest.\u00a0<\/strong>Certest realizar\u00e1 aquellos tratamientos de datos necesarios para la atenci\u00f3n de la solicitud requerida por parte del usuario. De esta forma, trataremos datos como su nombre, apellidos, empresa para la que trabaja, e-mail, tel\u00e9fono, provincia, c\u00f3digo postal, as\u00ed como la informaci\u00f3n relativa a si el usuario es cliente de Certest o no.<\/p>\n<p style=\"padding-left: 80px;\"><strong>b) Control inform\u00e1tico de la p\u00e1gina web<\/strong>. Certest realizar\u00e1 aquellas actuaciones de vigilancia y control del uso de la p\u00e1gina web con el fin de prevenir y detectar cualquier utilizaci\u00f3n fraudulenta (como manipulaciones t\u00e9cnicas, modificaciones de c\u00f3digo\u2026), con el fin de evitar, prevenir y\/o detectar cualquier acceso no autorizado, alteraci\u00f3n o p\u00e9rdida de aquella informaci\u00f3n relativa a terceras personas diferentes al usuario que pueda generar para Certest responsabilidades civiles, penales y\/o administrativas.<\/p>\n<p style=\"padding-left: 40px;\"><strong>B)<\/strong> Habr\u00e1 otras cuestiones que solamente llevaremos a cabo si contamos con su previa autorizaci\u00f3n. Nos referimos a tratamientos cuya base legitimadora es el consentimiento del interesado, de nuestros usuarios, lo cual significa que no los llevaremos a cabo sin antes contar con su<strong> consentimiento<\/strong>. En estos casos, con car\u00e1cter previo le informaremos detalladamente de las finalidades y de c\u00f3mo queremos utilizar sus datos, para que sea consciente y pueda decidir c\u00f3mo los podemos tratar. Esto sucede en los siguientes tratamientos:<\/p>\n<p style=\"padding-left: 80px;\"><strong>c) Gesti\u00f3n de las comunicaciones comerciales y de la suscripci\u00f3n a nuestra Newsletter<\/strong>. Si usted nos da su consentimiento, Certest podr\u00e1 remitirle comunicaciones sobre eventos, colaboraciones y servicios de la compa\u00f1\u00eda, as\u00ed como nuestra Newsletter, mientras no manifieste expresamente su voluntad de darse de baja en dichas comunicaciones.<\/p>\n<p style=\"padding-left: 80px;\"><strong>d) Gesti\u00f3n del proceso de selecci\u00f3n de personal para las empresas del Grupo.\u00a0<\/strong>Con el env\u00edo del curr\u00edculum vitae, usted est\u00e1 dando su consentimiento para que el mismo se eval\u00fae y analice internamente para el proceso al cual ha aplicado, y tambi\u00e9n para que se gestione y se transmita a cualquier empresa del Grupo, para considerarlo en procesos selectivos similares a aquel para el cual usted haya postulado.<\/p>\n<p style=\"padding-left: 80px;\">En el primer caso, dicha informaci\u00f3n se conservar\u00e1 \u00fanicamente mientras se mantenga abierto el proceso de selecci\u00f3n en el que usted est\u00e9 interesado. En el segundo caso, y tambi\u00e9n si se trata de una postulaci\u00f3n abierta y sin referencia a un proceso de selecci\u00f3n concreto, la informaci\u00f3n se conservar\u00e1 durante un m\u00e1ximo de 3 a\u00f1os desde que usted no haga llegar su perfil profesional.<\/p>\n<p style=\"padding-left: 40px;\">Por supuesto, en cualquier momento podr\u00e1 retirar su autorizaci\u00f3n sin que ello le suponga ning\u00fan perjuicio. En cualquier caso, debemos indicar que si nos retira su autorizaci\u00f3n, a trav\u00e9s del correo electr\u00f3nico <a href=\"mailto:legal@certest.es\">legal@Certest.es<\/a>, ello no perjudicar\u00e1 la legitimidad de las acciones que hayamos llevado a cabo hasta ese momento, que seguir\u00e1n siendo l\u00edcitas.<\/p>\n<p style=\"padding-left: 40px;\"><strong>C)<\/strong> Tambi\u00e9n habr\u00e1 ocasiones en las que necesitemos tratar sus datos personales para cumplir determinadas <strong>obligaciones legales<\/strong> que nos son de aplicaci\u00f3n. Lo anterior es especialmente importante cuando las Fuerzas y Cuerpos de Seguridad competentes o los Juzgados y Tribunales nos exigen que le proporcionemos los datos de nuestros usuarios. Estas obligaciones de \u00edndole legal existir\u00e1n y ser\u00e1n cumplidas por Certest Biotec, S,.L. incluso despu\u00e9s de darse de baja de nuestro servicio de Newsletter, durante los plazos que nos imponga la legislaci\u00f3n vigente; principalmente, el plazo de 3 a\u00f1os que establece la LOPD.<\/p>\n<p style=\"padding-left: 40px;\"><strong>D)<\/strong> Finalmente, hay determinado tratamiento que llevaremos a cabo por razones de inter\u00e9s p\u00fablico. Nos referimos al tratamiento de datos relativos a <strong>videovigilancia<\/strong>, en el interior de nuestras instalaciones. Este tratamiento, que tiene por objeto velar por la seguridad e integridad de nuestras instalaciones, los equipos y las personas que se encuentren en su interior, ser\u00e1 realizado conforme a la cl\u00e1usula informativa relativa a videovigilancia, a disposici\u00f3n del usuario previa solicitud en recepci\u00f3n.<\/p>\n<h2><strong>3. PLAZO DE CONSERVACI\u00d3N DE DATOS PERSONALES<\/strong><\/h2>\n<p>En Certest conservaremos sus datos personales durante el tiempo que sean necesario para gestionar y atender sus consultas y peticiones, o mientras tengamos su autorizaci\u00f3n para enviarle nuestra Newsletter, hasta que el usuario se d\u00e9 de baja. Posteriormente, Certest tambi\u00e9n tratar\u00e1 sus datos personales para cumplir cuantas obligaciones legales le sean exigibles, durante los plazos que imponga en cada caso la normativa aplicable.<\/p>\n<p>Una vez transcurridos dichos plazos y antes de proceder a su destrucci\u00f3n, Certest conservar\u00e1 sus datos personales debidamente bloqueados, para hacer frente a posibles reclamaciones y tenerlos a disposici\u00f3n de las autoridades competentes, durante los plazos de prescripci\u00f3n legalmente establecidos. En estos casos, adoptaremos las medidas t\u00e9cnicas y organizativas necesarias para garantizar que s\u00f3lo se utilizan para este fin.<\/p>\n<h2><strong>4. CESI\u00d3N DE DATOS PERSONALES<\/strong><\/h2>\n<p>Los datos personales de nuestros usuarios no se ceder\u00e1n a terceros, salvo que resulte legalmente obligatorio o que el usuario as\u00ed nos lo autorice, para compartir su curr\u00edculum con las dem\u00e1s empresas del Grupo Certest <a href=\"https:\/\/www.certest.es\/es\/compania\/gestion-del-talento\/\">(link de autorizaci\u00f3n)<\/a>.<\/p>\n<p>Adicionalmente a lo anterior, para poder gestionar debidamente el servicio prestado y los datos personales de sus usuarios, Certest contar\u00e1 con la colaboraci\u00f3n de terceros proveedores de servicios que pueden tener acceso a sus datos personales y que tratar\u00e1n los referidos datos en nombre y por cuenta de Certest como consecuencia de su prestaci\u00f3n de servicios. Certest se compromete a suscribir con ellos el correspondiente contrato de tratamiento de datos, mediante el cual les impondr\u00e1, entre otras, las siguientes obligaciones: aplicar medidas t\u00e9cnicas y organizativas apropiadas; tratar los datos personales para las finalidades pactadas y atendiendo \u00fanicamente a las instrucciones documentadas de Certest; y suprimir o devolver los datos a Certest una vez finalice la prestaci\u00f3n de los servicios.<\/p>\n<h2><strong>5. PROCEDENCIA DE LOS DATOS<\/strong><\/h2>\n<p>Los datos personales que Certest trata del usuario en su p\u00e1gina web son aquellos que el usuario comunica en los formularios habilitados o bien a trav\u00e9s de peticiones\/comunicaciones expresas realizadas por los interesados a trav\u00e9s de redes sociales o correo electr\u00f3nico o por tel\u00e9fono.<\/p>\n<p>En todo caso, cuando corresponde Certest obtiene el consentimiento de los usuarios a trav\u00e9s de las casillas espec\u00edficas ubicadas en los formularios online.<\/p>\n<h2><strong>6. DERECHOS DE RECTIFICACI\u00d3N, SUPRESI\u00d3N, PORTABILIDAD, CANCELACI\u00d3N Y RECLAMACI\u00d3N.<\/strong><\/h2>\n<p>Certest pone en su conocimiento que el usuario tiene derecho a obtener confirmaci\u00f3n sobre si en estamos tratando datos personales que le conciernen, o no, y, en tal caso, a acceder a sus datos personales, as\u00ed como a solicitar la rectificaci\u00f3n de los datos inexactos o, en su caso, solicitar su supresi\u00f3n cuando, entre otros motivos, los datos ya no sean necesarios para los fines que fueron recogidos.<\/p>\n<p>En determinadas circunstancias, el usuario podr\u00e1 solicitar la limitaci\u00f3n del tratamiento de sus datos, en cuyo caso \u00fanicamente los conservaremos para el ejercicio o la defensa de reclamaciones.<\/p>\n<p>Adem\u00e1s, el usuario podr\u00e1 en este momento o en cualquier otro momento posterior:<\/p>\n<ul>\n<li>Solicitar la portabilidad de sus datos para que \u00e9stos sean remitidos directamente a la entidad que designe, en un formato estructurado, de uso com\u00fan y lectura mec\u00e1nica.<\/li>\n<li>Retirar el consentimiento otorgado para el tratamiento.<\/li>\n<li>Interponer una reclamaci\u00f3n sobre el tratamiento de sus datos.<\/li>\n<li>Asimismo, dando cumplimiento a lo dispuesto en los art\u00edculos 13 y 22 del GDPR \u00a0y 11 de la LOPD, con sus datos de car\u00e1cter personal no llevaremos a cabo tratamientos de datos \u00edntegramente automatizados con efectos jur\u00eddicos o que les afecten de manera significativa.<\/li>\n<\/ul>\n<p>Para el ejercicio de los derechos mencionados en este apartado el usuario puede dirigirse, mediante escrito al Delegado de Protecci\u00f3n de Datos de Certest, mediante correo electr\u00f3nico a:\u00a0<a href=\"mailto:legal@certest.es\">legal@Certest.es<\/a><\/p>\n<p>El usuario podr\u00e1 reclamar ante la Agencia Espa\u00f1ola de Protecci\u00f3n de Datos (Autoridad de Control competente en esta materia), especialmente cuando no haya obtenido satisfacci\u00f3n en el ejercicio de sus derechos, mediante escrito dirigido a la misma, C\/ Jorge Juan, n\u00famero 6, 28001 \u2013 Madrid o a trav\u00e9s de la web:\u00a0<a href=\"https:\/\/www.agpd.es\/\">https:\/\/www.agpd.es<\/a><\/p>\n<h2><strong>7. COOKIES<\/strong><\/h2>\n<p>Finalmente, tambi\u00e9n queremos informarle de que en nuestra p\u00e1gina web utilizamos cookies. Son peque\u00f1os ficheros que recogen informaci\u00f3n sobre su navegaci\u00f3n a trav\u00e9s de la web. Puede encontrar toda la informaci\u00f3n sobre el uso de las cookies y de los datos que recabemos mientras navega por nuestra p\u00e1gina web en nuestra\u00a0<a href=\"https:\/\/www.certest.es\/es\/politica-de-cookies\/\">POL\u00cdTICA DE COOKIES<\/a>.\u00a0En ella explicamos qu\u00e9 datos personales o informaci\u00f3n obtenemos, el uso que le damos\u00a0y qu\u00e9 puede hacer al respecto.<\/p>\n<p>Si desea obtener m\u00e1s informaci\u00f3n acerca de las cookies y c\u00f3mo evitar que se instalen, tambi\u00e9n puede visitar el siguiente sitio web:\u00a0<a href=\"http:\/\/www.allaboutcookies.org\/\">http:\/\/www.allaboutcookies.org<\/a>.<\/p>\n<\/div><\/div><\/div><\/div><\/div>\n","protected":false},"excerpt":{"rendered":"","protected":false},"author":1,"featured_media":0,"parent":0,"menu_order":0,"comment_status":"closed","ping_status":"closed","template":"","meta":{"_acf_changed":false,"footnotes":""},"class_list":["post-19354","page","type-page","status-publish","hentry"],"acf":[],"yoast_head":"<!-- This site is optimized with the Yoast SEO plugin v26.4 - https:\/\/yoast.com\/wordpress\/plugins\/seo\/ -->\n<title>POL\u00cdTICA DE PRIVACIDAD - Certest Biotec - Raw Materials | Diagnostics | Pharma<\/title>\n<meta name=\"robots\" content=\"index, follow, max-snippet:-1, max-image-preview:large, max-video-preview:-1\" \/>\n<link rel=\"canonical\" href=\"https:\/\/www.certest.es\/es\/politica-de-privacidad\/\" \/>\n<meta property=\"og:locale\" content=\"es_ES\" \/>\n<meta property=\"og:type\" content=\"article\" \/>\n<meta property=\"og:title\" content=\"POL\u00cdTICA DE PRIVACIDAD - Certest Biotec - Raw Materials | Diagnostics | Pharma\" \/>\n<meta property=\"og:url\" content=\"https:\/\/www.certest.es\/es\/politica-de-privacidad\/\" \/>\n<meta property=\"og:site_name\" content=\"Certest Biotec - Raw Materials | Diagnostics | Pharma\" \/>\n<meta property=\"article:modified_time\" content=\"2023-02-01T08:38:45+00:00\" \/>\n<meta name=\"twitter:card\" content=\"summary_large_image\" \/>\n<meta name=\"twitter:label1\" content=\"Tiempo de lectura\" \/>\n\t<meta name=\"twitter:data1\" content=\"9 minutos\" \/>\n<script type=\"application\/ld+json\" class=\"yoast-schema-graph\">{\"@context\":\"https:\/\/schema.org\",\"@graph\":[{\"@type\":\"WebPage\",\"@id\":\"https:\/\/www.certest.es\/es\/politica-de-privacidad\/\",\"url\":\"https:\/\/www.certest.es\/es\/politica-de-privacidad\/\",\"name\":\"POL\u00cdTICA DE PRIVACIDAD - Certest Biotec - Raw Materials | Diagnostics | Pharma\",\"isPartOf\":{\"@id\":\"https:\/\/www.certest.es\/#website\"},\"datePublished\":\"2021-10-04T11:40:51+00:00\",\"dateModified\":\"2023-02-01T08:38:45+00:00\",\"breadcrumb\":{\"@id\":\"https:\/\/www.certest.es\/es\/politica-de-privacidad\/#breadcrumb\"},\"inLanguage\":\"es\",\"potentialAction\":[{\"@type\":\"ReadAction\",\"target\":[\"https:\/\/www.certest.es\/es\/politica-de-privacidad\/\"]}]},{\"@type\":\"BreadcrumbList\",\"@id\":\"https:\/\/www.certest.es\/es\/politica-de-privacidad\/#breadcrumb\",\"itemListElement\":[{\"@type\":\"ListItem\",\"position\":1,\"name\":\"Portada\",\"item\":\"https:\/\/www.certest.es\/es\/\"},{\"@type\":\"ListItem\",\"position\":2,\"name\":\"POL\u00cdTICA DE PRIVACIDAD\"}]},{\"@type\":\"WebSite\",\"@id\":\"https:\/\/www.certest.es\/#website\",\"url\":\"https:\/\/www.certest.es\/\",\"name\":\"Certest Biotec - Raw Materials | Diagnostics | Pharma\",\"description\":\"Productos para diagn\u00f3stico in vitro\",\"potentialAction\":[{\"@type\":\"SearchAction\",\"target\":{\"@type\":\"EntryPoint\",\"urlTemplate\":\"https:\/\/www.certest.es\/?s={search_term_string}\"},\"query-input\":{\"@type\":\"PropertyValueSpecification\",\"valueRequired\":true,\"valueName\":\"search_term_string\"}}],\"inLanguage\":\"es\"}]}<\/script>\n<!-- \/ Yoast SEO plugin. -->","yoast_head_json":{"title":"POL\u00cdTICA DE PRIVACIDAD - Certest Biotec - Raw Materials | Diagnostics | Pharma","robots":{"index":"index","follow":"follow","max-snippet":"max-snippet:-1","max-image-preview":"max-image-preview:large","max-video-preview":"max-video-preview:-1"},"canonical":"https:\/\/www.certest.es\/es\/politica-de-privacidad\/","og_locale":"es_ES","og_type":"article","og_title":"POL\u00cdTICA DE PRIVACIDAD - Certest Biotec - Raw Materials | Diagnostics | Pharma","og_url":"https:\/\/www.certest.es\/es\/politica-de-privacidad\/","og_site_name":"Certest Biotec - Raw Materials | Diagnostics | Pharma","article_modified_time":"2023-02-01T08:38:45+00:00","twitter_card":"summary_large_image","twitter_misc":{"Tiempo de lectura":"9 minutos"},"schema":{"@context":"https:\/\/schema.org","@graph":[{"@type":"WebPage","@id":"https:\/\/www.certest.es\/es\/politica-de-privacidad\/","url":"https:\/\/www.certest.es\/es\/politica-de-privacidad\/","name":"POL\u00cdTICA DE PRIVACIDAD - Certest Biotec - Raw Materials | Diagnostics | Pharma","isPartOf":{"@id":"https:\/\/www.certest.es\/#website"},"datePublished":"2021-10-04T11:40:51+00:00","dateModified":"2023-02-01T08:38:45+00:00","breadcrumb":{"@id":"https:\/\/www.certest.es\/es\/politica-de-privacidad\/#breadcrumb"},"inLanguage":"es","potentialAction":[{"@type":"ReadAction","target":["https:\/\/www.certest.es\/es\/politica-de-privacidad\/"]}]},{"@type":"BreadcrumbList","@id":"https:\/\/www.certest.es\/es\/politica-de-privacidad\/#breadcrumb","itemListElement":[{"@type":"ListItem","position":1,"name":"Portada","item":"https:\/\/www.certest.es\/es\/"},{"@type":"ListItem","position":2,"name":"POL\u00cdTICA DE PRIVACIDAD"}]},{"@type":"WebSite","@id":"https:\/\/www.certest.es\/#website","url":"https:\/\/www.certest.es\/","name":"Certest Biotec - Raw Materials | Diagnostics | Pharma","description":"Productos para diagn\u00f3stico in vitro","potentialAction":[{"@type":"SearchAction","target":{"@type":"EntryPoint","urlTemplate":"https:\/\/www.certest.es\/?s={search_term_string}"},"query-input":{"@type":"PropertyValueSpecification","valueRequired":true,"valueName":"search_term_string"}}],"inLanguage":"es"}]}},"_links":{"self":[{"href":"https:\/\/www.certest.es\/es\/wp-json\/wp\/v2\/pages\/19354","targetHints":{"allow":["GET"]}}],"collection":[{"href":"https:\/\/www.certest.es\/es\/wp-json\/wp\/v2\/pages"}],"about":[{"href":"https:\/\/www.certest.es\/es\/wp-json\/wp\/v2\/types\/page"}],"author":[{"embeddable":true,"href":"https:\/\/www.certest.es\/es\/wp-json\/wp\/v2\/users\/1"}],"replies":[{"embeddable":true,"href":"https:\/\/www.certest.es\/es\/wp-json\/wp\/v2\/comments?post=19354"}],"version-history":[{"count":0,"href":"https:\/\/www.certest.es\/es\/wp-json\/wp\/v2\/pages\/19354\/revisions"}],"wp:attachment":[{"href":"https:\/\/www.certest.es\/es\/wp-json\/wp\/v2\/media?parent=19354"}],"curies":[{"name":"wp","href":"https:\/\/api.w.org\/{rel}","templated":true}]}}