{"id":19344,"date":"2021-10-04T13:29:12","date_gmt":"2021-10-04T11:29:12","guid":{"rendered":"https:\/\/www.certest.es\/cookies-policy\/"},"modified":"2023-01-27T13:18:44","modified_gmt":"2023-01-27T12:18:44","slug":"politica-de-cookies","status":"publish","type":"page","link":"https:\/\/www.certest.es\/es\/politica-de-cookies\/","title":{"rendered":"POL\u00cdTICA DE COOKIES"},"content":{"rendered":"<div class=\"fusion-fullwidth fullwidth-box fusion-builder-row-1 fusion-flex-container nonhundred-percent-fullwidth non-hundred-percent-height-scrolling\" style=\"--awb-border-radius-top-left:0px;--awb-border-radius-top-right:0px;--awb-border-radius-bottom-right:0px;--awb-border-radius-bottom-left:0px;--awb-flex-wrap:wrap;\" ><div class=\"fusion-builder-row fusion-row fusion-flex-align-items-flex-start fusion-flex-content-wrap\" style=\"max-width:1352px;margin-left: calc(-4% \/ 2 );margin-right: calc(-4% \/ 2 );\"><div class=\"fusion-layout-column fusion_builder_column fusion-builder-column-0 fusion_builder_column_1_1 1_1 fusion-flex-column\" style=\"--awb-bg-size:cover;--awb-width-large:100%;--awb-margin-top-large:0px;--awb-spacing-right-large:1.92%;--awb-margin-bottom-large:20px;--awb-spacing-left-large:1.92%;--awb-width-medium:100%;--awb-order-medium:0;--awb-spacing-right-medium:1.92%;--awb-spacing-left-medium:1.92%;--awb-width-small:100%;--awb-order-small:0;--awb-spacing-right-small:1.92%;--awb-spacing-left-small:1.92%;\"><div class=\"fusion-column-wrapper fusion-column-has-shadow fusion-flex-justify-content-flex-start fusion-content-layout-column\"><div class=\"fusion-separator fusion-full-width-sep\" style=\"align-self: center;margin-left: auto;margin-right: auto;margin-top:20px;width:100%;\"><\/div><div class=\"fusion-text fusion-text-1\"><h1><strong>POL\u00cdTICA DE COOKIES<\/strong><\/h1>\n<p>Mediante la presente Pol\u00edtica de Cookies, Certest Biotec, S.L. (en adelante, \u201cCertest\u201d) te ofrece informaci\u00f3n acerca de las cookies que utiliza en la p\u00e1gina web <a href=\"https:\/\/www.certest.es\/es\/\">https:\/\/www.certest.es\/es\/<\/a>.<\/p>\n<h2>1.- \u00bfQu\u00e9 son las Cookies?<\/h2>\n<p>Cookie es un fichero que se descarga en su ordenador al acceder a determinadas p\u00e1ginas web. Las cookies permiten a una p\u00e1gina web, entre otras cosas, almacenar y recuperar informaci\u00f3n sobre los h\u00e1bitos de navegaci\u00f3n de un usuario o de su equipo y, dependiendo de la informaci\u00f3n que contengan y de la forma en que utilice su equipo, pueden utilizarse para reconocer al usuario. En concreto, las cookies permiten a Certest conocer informaci\u00f3n como: el dispositivo desde el que accedes, el tiempo de conexi\u00f3n, el sistema operativo y navegador utilizados, las p\u00e1ginas web m\u00e1s visitadas, el n\u00famero de clicks realizados e informaci\u00f3n respecto de tu comportamiento en los sitios web.<\/p>\n<p>Sin su expreso consentimiento \u2013mediante la activaci\u00f3n de las cookies en su navegador\u2013\u00a0Certest Biotec, S.L.\u00a0no enlazar\u00e1 en las cookies los datos memorizados con sus datos personales proporcionados en el momento de la aceptaci\u00f3n.<\/p>\n<p>La p\u00e1gina web es accesible sin necesidad de que las cookies est\u00e9n activadas, si bien, su desactivaci\u00f3n puede impedir su correcto funcionamiento.<\/p>\n<p>Del mismo modo, el usuario debe tener en cuenta que, aunque haya otorgado su consentimiento a la utilizaci\u00f3n de determinadas cookies, puede eliminarlas haciendo uso de las herramientas de configuraci\u00f3n facilitadas por el navegador a trav\u00e9s del cual se acceda a esta p\u00e1gina web. El usuario tambi\u00e9n podr\u00e1 rechazar su instalaci\u00f3n (aunque la haya aceptado previamente) en el enlace al panel de configuraci\u00f3n que se facilita al final de la p\u00e1gina web, a trav\u00e9s del bot\u00f3n \u201c<strong>Gestionar consentimiento<\/strong>\u201d.<\/p>\n<h2>2.-Qu\u00e9 tipos de cookies existen?<\/h2>\n<p><strong>Seg\u00fan la entidad que las gestione:<\/strong><\/p>\n<ul>\n<li><strong>Propias<\/strong>: son aquellas que se env\u00edan al equipo terminal del usuario desde un equipo o dominio que no es gestionado por el editor (Certest), sino por otra entidad que trata los datos obtenidos trav\u00e9s de las cookies (por ejemplo. Google Analytics).<\/li>\n<li><strong>De tercero<\/strong>: son aquellas que se env\u00edan al equipo terminal del usuario desde un equipo o dominio que no es gestionado por el editor (Certest), sino por otra entidad que trata los datos obtenidos trav\u00e9s de las cookies (por ejemplo. Google Analytics).<\/li>\n<\/ul>\n<p><strong>Seg\u00fan su finalidad:<\/strong><\/p>\n<ul>\n<li><strong>T\u00e9cnicas<\/strong>: las cookies t\u00e9cnicas son las imprescindibles y estrictamente necesarias para el correcto funcionamiento de la p\u00e1gina web. Por ejemplo: para el mantenimiento de la sesi\u00f3n, c\u00e1lculo del tiempo de respuesta, rendimiento, etc.<\/li>\n<li><strong>Anal\u00edticas<\/strong>: las cookies anal\u00edticas son utilizadas para perfilar a los usuarios, determinar las horas de m\u00e1ximo acceso o tiempo de la visita, as\u00ed como las preferencias de los usuarios. Estos datos nos permiten mejorar la oferta, adaptar los horarios de los servicios de atenci\u00f3n telef\u00f3nica, etc.<\/li>\n<li><strong>De rendimiento<\/strong>: miden el n\u00famero de visitas y su uso de la p\u00e1gina web para poder analizar su funcionamiento y rendimiento.<\/li>\n<li><strong>Publicitarias<\/strong>: permiten analizar los h\u00e1bitos de navegaci\u00f3n de este sitio web para mostrarte informaci\u00f3n comercial relacionada con tus h\u00e1bitos de navegaci\u00f3n y consumo.<\/li>\n<li><strong>De personalizaci\u00f3n<\/strong>: permiten recordar informaci\u00f3n para que accedas al servicio con determinadas caracter\u00edsticas que pueden diferenciar tu experiencia de la de otros usuarios, como, por ejemplo, el idioma, recordarte los productos visitados anteriormente, etc.<\/li>\n<\/ul>\n<p><strong>Seg\u00fan su plazo de utilizaci\u00f3n:<\/strong><\/p>\n<ul>\n<li><strong>De sesi\u00f3n<\/strong>: las cookies de sesi\u00f3n solo duran el tiempo de navegaci\u00f3n en el que el usuario est\u00e1 en la p\u00e1gina web. Se borran al finalizar la visita.<\/li>\n<li><strong>Persistentes<\/strong>: estas cookies se mantienen en el equipo del usuario por un tiempo m\u00e1s largo, facilitando as\u00ed el control de las preferencias elegidas sin tener que repetir ciertas selecciones cada vez que se visite el sitio web.<\/li>\n<\/ul>\n<p>En particular, este sitio Web utiliza Google Analytics, un servicio anal\u00edtico de web prestado por Google, Inc. con domicilio en los Estados Unidos con sede central en 1600 Amphitheatre Parkway, Mountain View, California 94043.\u00a0 Para la prestaci\u00f3n de estos servicios, estos\u00a0utilizan cookies que recopilan la informaci\u00f3n, incluida la direcci\u00f3n IP del usuario, que ser\u00e1\u00a0transmitida, tratada y almacenada por\u00a0Google\u00a0en los t\u00e9rminos fijados en la Web Google.com. Incluyendo la posible\u00a0transmisi\u00f3n de dicha informaci\u00f3n a terceros por razones de exigencia legal o cuando dichos terceros\u00a0procesen la informaci\u00f3n por cuenta de Google.<\/p>\n<h2>3.- Finalidad de cada cookie utilizada en la p\u00e1gina web<\/h2>\n<p>De acuerdo con la definici\u00f3n de los tipos de cookies facilitada en el anterior punto, Certest utilizar\u00e1 cookies propias y de terceros, t\u00e9cnicas, anal\u00edticas, de rendimiento y publicitarias, seg\u00fan el detalle que se indica a continuaci\u00f3n:<\/p>\n<table style=\"width: 100%;\">\n<tbody>\n<tr>\n<td width=\"113\"><strong>Nombre de la cookie<\/strong><\/td>\n<td width=\"85\"><strong>Proveedor<\/strong><\/td>\n<td width=\"76\"><strong>Finalidad<\/strong><\/td>\n<td width=\"95\"><strong>Plazo de conservaci\u00f3n<\/strong><\/td>\n<td width=\"198\"><strong>Funci\u00f3n<\/strong><\/td>\n<\/tr>\n<tr>\n<td width=\"113\"><strong>_ga<\/strong><\/td>\n<td width=\"85\">Google<\/td>\n<td width=\"76\">Anal\u00edticas<\/td>\n<td width=\"95\">2 a\u00f1os<\/td>\n<td width=\"198\">Esta cookie es instalada por Google Analytics. La cookie se utiliza para calcular los datos de visitantes, sesiones y campa\u00f1as y realizar un seguimiento del uso del sitio para el informe de an\u00e1lisis del sitio. Las cookies almacenan informaci\u00f3n de forma an\u00f3nima y asignan un n\u00famero generado aleatoriamente para identificar visitantes \u00fanicos.<\/td>\n<\/tr>\n<tr>\n<td width=\"113\"><strong>_gid<\/strong><\/td>\n<td width=\"85\">Google<\/td>\n<td width=\"76\">Anal\u00edticas<\/td>\n<td width=\"95\">1 d\u00eda<\/td>\n<td width=\"198\">Esta cookie es instalada por Google Analytics. La cookie se utiliza para almacenar informaci\u00f3n sobre c\u00f3mo los visitantes usan un sitio web y ayuda a crear un informe anal\u00edtico de c\u00f3mo est\u00e1 funcionando el sitio web. Los datos recopilados, incluido el n\u00famero de visitantes, la fuente de donde provienen y las p\u00e1ginas visitadas de forma an\u00f3nima.<\/td>\n<\/tr>\n<tr>\n<td width=\"113\"><strong>_gat_gtag_UA_68782740_1<\/strong><\/td>\n<td width=\"85\">Google<\/td>\n<td width=\"76\">Anal\u00edticas<\/td>\n<td width=\"95\">1 minuto<\/td>\n<td width=\"198\">Se usa para limitar el porcentaje de solicitudes. Si se ha implementado Google Analytics mediante Google Tag Manager.<\/td>\n<\/tr>\n<tr>\n<td width=\"113\"><strong>VISITOR_INFO1_LIVE<\/strong><\/td>\n<td width=\"85\">Youtube<\/td>\n<td width=\"76\">Publicitarias<\/td>\n<td width=\"95\">6 meses<\/td>\n<td width=\"198\">Esta cookie la establece Youtube. Se utiliza para rastrear la informaci\u00f3n de los videos de YouTube incrustados en un sitio web.<\/td>\n<\/tr>\n<tr>\n<td width=\"113\"><strong>test_cookie<\/strong><\/td>\n<td width=\"85\">Doubleclick<\/td>\n<td width=\"76\">Publicitarias<\/td>\n<td width=\"95\">15 minutos<\/td>\n<td width=\"198\">Esta cookie la establece doubleclick.net. El prop\u00f3sito de la cookie es determinar si el navegador del usuario admite cookies.<\/td>\n<\/tr>\n<tr>\n<td width=\"113\"><strong>IDE<\/strong><\/td>\n<td width=\"85\">Google<\/td>\n<td width=\"76\">Publicitarias<\/td>\n<td width=\"95\">1 a\u00f1o<\/td>\n<td width=\"198\">Utilizado por Google DoubleClick y almacena informaci\u00f3n sobre c\u00f3mo el usuario utiliza el sitio web y cualquier otro anuncio antes de visitar el sitio web. Se utiliza para presentar a los usuarios anuncios que son relevantes para ellos de acuerdo con el perfil del usuario.<\/td>\n<\/tr>\n<tr>\n<td width=\"113\"><strong>YSC<\/strong><\/td>\n<td width=\"85\">Youtube<\/td>\n<td width=\"76\">Rendimiento<\/td>\n<td width=\"95\">sesi\u00f3n<\/td>\n<td width=\"198\">Estas cookies son establecidas por Youtube y se utilizan para rastrear las vistas de videos incrustados.<\/td>\n<\/tr>\n<tr>\n<td width=\"113\"><strong>__cfduid<\/strong><\/td>\n<td width=\"85\">CloudFare<\/td>\n<td width=\"76\">Necesarias<\/td>\n<td width=\"95\">1 mes<\/td>\n<td width=\"198\">La cookie es utilizada por servicios cdn como CloudFare para identificar clientes individuales detr\u00e1s de una direcci\u00f3n IP compartida y aplicar configuraciones de seguridad por cliente. No corresponde a ning\u00fan ID de usuario en la aplicaci\u00f3n web y no almacena ninguna informaci\u00f3n de identificaci\u00f3n personal.<\/td>\n<\/tr>\n<tr>\n<td width=\"113\"><strong>cookielawinfo-checkbox-non-necessary<\/strong><\/td>\n<td width=\"85\">GDPR Cookie Consent<\/td>\n<td width=\"76\">Necesarias<\/td>\n<td width=\"95\">1 a\u00f1o<\/td>\n<td width=\"198\">Esta cookie est\u00e1 configurada por el complemento de consentimiento de cookies de GDPR. Las cookies se utilizan para almacenar el consentimiento del usuario para las cookies en la categor\u00eda \u00abNo necesarias\u00bb.<\/td>\n<\/tr>\n<tr>\n<td width=\"113\"><strong>viewed_cookie_policy<\/strong><\/td>\n<td width=\"85\">GDPR Cookie Consent<\/td>\n<td width=\"76\">Necesarias<\/td>\n<td width=\"95\">1 hora<\/td>\n<td width=\"198\">La cookie est\u00e1 configurada por el complemento de consentimiento de cookies de GDPR y se utiliza para almacenar si el usuario ha dado su consentimiento o no para el uso de cookies. No almacena ning\u00fan dato personal.<\/td>\n<\/tr>\n<tr>\n<td width=\"113\"><strong>cookielawinfo-checkbox-necessary<\/strong><\/td>\n<td width=\"85\">GDPR Cookie Consent<\/td>\n<td width=\"76\">Necesarias<\/td>\n<td width=\"95\">1 a\u00f1o<\/td>\n<td width=\"198\">Esta cookie est\u00e1 configurada por el complemento de consentimiento de cookies de GDPR. Las cookies se utilizan para almacenar el consentimiento del usuario para las cookies en la categor\u00eda \u00abNecesarias\u00bb.<\/td>\n<\/tr>\n<tr>\n<td width=\"113\"><strong>\u00a0<\/strong><\/td>\n<td width=\"85\"><\/td>\n<td width=\"76\"><\/td>\n<td width=\"95\"><\/td>\n<td width=\"198\"><\/td>\n<\/tr>\n<\/tbody>\n<\/table>\n<h2><\/h2>\n<h2>4.- \u00bfC\u00f3mo puede el usuario Desactivar o eliminar las Cookies?<\/h2>\n<p>El usuario tiene la posibilidad de rechazar la instalaci\u00f3n de cookies, modificar qu\u00e9 cookies desea instalar o aceptar que se utilicen cookies anteriormente rechazadas mediante el bot\u00f3n \u201cGestionar consentimiento\u201d, ubicado al final de la p\u00e1gina web.<\/p>\n<p>Del mismo modo, el usuario podr\u00e1s retirar su consentimiento usando las herramientas que proporciona cada navegador web. En funci\u00f3n del tipo de navegador que utilices, el procedimiento para la revocaci\u00f3n y eliminaci\u00f3n de las cookies podr\u00eda ser, a t\u00edtulo ilustrativo, alguno de los siguientes:<\/p>\n<ul>\n<li><a href=\"https:\/\/support.google.com\/accounts\/answer\/32050?co=GENIE.Platform%3DDesktop&amp;hl=es\">Google Chrome<\/a><\/li>\n<li><a href=\"https:\/\/www.ibercaja.es\/redireccion_externo.php?url=https%3A%2F%2Fsupport.mozilla.org%2Fes%2Fkb%2Fhabilitar-y-deshabilitar-cookies-sitios-web-rastrear-preferencias\">Mozilla Firefox<\/a><\/li>\n<li><a href=\"https:\/\/www.ibercaja.es\/redireccion_externo.php?url=https%3A%2F%2Fsupport.microsoft.com%2Fes-es%2Fhelp%2F4027947%2Fmicrosoft-edge-del%2565te-cookies\">Microsoft Edge<\/a><\/li>\n<li><a href=\"https:\/\/www.ibercaja.es\/redireccion_externo.php?url=https%3A%2F%2Fsupport.microsoft.com%2Fes-es%2Fhelp%2F17442%2Fwindows-internet-explorer-del%2565te-manage-cookies\">Internet Explorer<\/a><\/li>\n<li><a href=\"https:\/\/www.ibercaja.es\/redireccion_externo.php?url=https%3A%2F%2Fsupport.apple.com%2Fes-es%2Fguide%2Fsafari%2Fsfri11471%2Fmac\">Safari<\/a><\/li>\n<li><a href=\"https:\/\/help.opera.com\/en\/latest\/web-preferences\/#sthash.cEpCdreI.dpuf\">Opera<\/a><\/li>\n<li><a href=\"https:\/\/www.ibercaja.es\/redireccion_externo.php?url=https%3A%2F%2Fsupport.apple.com%2Fes-es%2FHT201265\">Safari para iOS (dispositivos iPhone e iPod Touch) e iPadOS (dispositivos iPad)<\/a><\/li>\n<li><a href=\"https:\/\/www.ibercaja.es\/redireccion_externo.php?url=https%3A%2F%2Fsupport.google.com%2Fchrome%2Fanswer%2F114662%3Fhl%3Des%26visit_id%3D636729564408243563-2643648801%26rd%3D1\">Chrome para Android<\/a><\/li>\n<\/ul>\n<p>Si tiene cualquier duda sobre la instalaci\u00f3n de cookies en esta p\u00e1gina web, puede contactar con Certest Biotec, S.L. en\u00a0<a href=\"mailto:legal@certest.es\">legal@Certest.es<\/a>.<\/p>\n<h2><\/h2>\n<h2>5.- Actualizaciones y cambios en la Pol\u00edtica de Cookies<\/h2>\n<p>Cuando lo exija la legislaci\u00f3n vigente podremos modificar la Pol\u00edtica de Cookies. Por este motivo, Certest recomienda a los usuarios de esta p\u00e1gina web revisen la Pol\u00edtica cada vez que acceda a l sitio web, con el objetivo de estar informado adecuadamente sobre c\u00f3mo y para qu\u00e9 utilizamos las cookies.<\/p>\n<h2><\/h2>\n<h2>6.- Tratamiento de datos personales obtenidos del uso de las cookies<\/h2>\n<p><strong>A) RESPONSABLE DEL TRATAMIENTO DE DATOS PERSONALES<\/strong><\/p>\n<p>CERTEST BIOTEC, S.L, en adelante \u201cCertest\u201d.<\/p>\n<p>Domicilio: Pol\u00edgono Industrial Rio Gallego II, C\/J, n\u00ba 1; CP. 50840, San Mateo de Gallego (Zaragoza).<\/p>\n<p>Contacto:\u00a0<a href=\"mailto:legal@certest.es\">legal@Certest.es<\/a><\/p>\n<p><strong>B) FINALIDADES DEL TRATAMIENTO Y BASE JUR\u00cdDICA<\/strong><\/p>\n<p>Las finalidades del tratamiento est\u00e1n indicadas en <a href=\"https:\/\/www.caixabank.es\/particular\/general\/cookies_es.html#finalidadCookies\">el<\/a> apartado \u201cTipo de cookies\u201d y \u201cFinalidad de cada cookie utilizada\u201d. El uso de cookies t\u00e9cnicas es necesario para permitir la navegaci\u00f3n por la p\u00e1gina web.<\/p>\n<p>La base jur\u00eddica relativa al uso del resto de cookies es el consentimiento del usuario, que podr\u00e1 gestionar y revocar a trav\u00e9s del Panel de Configuraci\u00f3n que se encuentra accesible mediante el bot\u00f3n \u201cGestionar consentimiento\u201d<em>.<\/em><\/p>\n<p><strong>C) CESI\u00d3N DE LOS DATOS PERSONALES<\/strong><\/p>\n<p>Certest compartir\u00e1 la informaci\u00f3n seg\u00fan se indica a continuaci\u00f3n:<\/p>\n<ol>\n<li>Los datos podr\u00e1n ser comunicados a autoridades y organismos p\u00fablicos, para el cumplimiento de una obligaci\u00f3n legal requerida.<\/li>\n<li>Proveedores de servicios que act\u00faan por nuestra cuenta como encargados del tratamiento.<\/li>\n<\/ol>\n<p><strong>\u00a0<\/strong><strong>D) TRANSFERENCIAS A TERCEROS PA\u00cdSES<\/strong><\/p>\n<p>El tratamiento de los datos se realiza, con car\u00e1cter general, en el Espacio Econ\u00f3mico Europeo o en pa\u00edses que han sido declarados con un nivel adecuado de protecci\u00f3n.<\/p>\n<p>En otros supuestos, Certest garantiza la seguridad y legitimidad del tratamiento de los datos, exigiendo a sus proveedores que dispongan de normas corporativas vinculantes que garanticen la protecci\u00f3n de la informaci\u00f3n de manera similar a las que establecen las normas europeas o que suscriban las cl\u00e1usulas contractuales tipo de la Comisi\u00f3n Europea. Los usuarios podr\u00e1n solicitar informaci\u00f3n espec\u00edfica, en su caso, sobre la realizaci\u00f3n de transferencias de datos a terceros pa\u00edses.<\/p>\n<p><strong>E) PERIODO DE CONSERVACI\u00d3N DE LOS DATOS<\/strong><\/p>\n<p>Los datos ser\u00e1n tratados durante los plazos indicados en el apartado \u201c<strong><em>3.- Finalidad de cada cookie utilizada en la p\u00e1gina web<\/em><\/strong>\u201d (columna \u201cplazo de conservaci\u00f3n\u201d). De acuerdo con la normativa de protecci\u00f3n de datos, estos datos ser\u00e1n conservados durante el plazo de prescripci\u00f3n de las acciones derivadas de dicha autorizaci\u00f3n, a los \u00fanicos efectos de cumplir las obligaciones legales requeridas a Certest, y para la formulaci\u00f3n, ejercicio o defensa de reclamaciones.<\/p>\n<p>Una vez transcurridos dichos plazos y antes de proceder a su destrucci\u00f3n, Certest conservar\u00e1 sus datos personales debidamente bloqueados, para hacer frente a posibles reclamaciones y tenerlos a disposici\u00f3n de las autoridades competentes, durante los plazos de prescripci\u00f3n legalmente establecidos. En estos casos, adoptaremos las medidas t\u00e9cnicas y organizativas necesarias para garantizar que s\u00f3lo se utilizan para este fin.<\/p>\n<p><strong>F) DERECHOS DE RECTIFICACI\u00d3N, SUPRESI\u00d3N, PORTABILIDAD, CANCELACI\u00d3N Y RECLAMACI\u00d3N.<\/strong><\/p>\n<p>Certest pone en su conocimiento que el usuario tiene derecho a obtener confirmaci\u00f3n sobre si en estamos tratando datos personales que le conciernen, o no, y, en tal caso, a acceder a sus datos personales, as\u00ed como a solicitar la rectificaci\u00f3n de los datos inexactos o, en su caso, solicitar su supresi\u00f3n cuando, entre otros motivos, los datos ya no sean necesarios para los fines que fueron recogidos.<\/p>\n<p>En determinadas circunstancias, el usuario podr\u00e1 solicitar la limitaci\u00f3n del tratamiento de sus datos, en cuyo caso \u00fanicamente los conservaremos para el ejercicio o la defensa de reclamaciones.<\/p>\n<p>Adem\u00e1s, el usuario podr\u00e1 en este momento o en cualquier otro momento posterior:<\/p>\n<ul>\n<li>Solicitar la portabilidad de sus datos para que \u00e9stos sean remitidos directamente a la entidad que designe, en un formato estructurado, de uso com\u00fan y lectura mec\u00e1nica.<\/li>\n<li>Retirar el consentimiento otorgado para el tratamiento. En particular, en lo que se refiere a la retirada del consentimiento para la instalaci\u00f3n de cookies, el usuario puede acceder al bot\u00f3n \u201cGestionar consentimiento\u201d, que se encuentra al final de la p\u00e1gina web.<\/li>\n<li>Interponer una reclamaci\u00f3n sobre el tratamiento de sus datos.<\/li>\n<li>Asimismo, dando cumplimiento a lo dispuesto en los art\u00edculos 13 y 22 del GDPR y 11 de la LOPD, con sus datos de car\u00e1cter personal no llevaremos a cabo tratamientos de datos \u00edntegramente automatizados con efectos jur\u00eddicos o que les afecten de manera significativa.<\/li>\n<\/ul>\n<p>Para el ejercicio de los derechos mencionados en este apartado el usuario puede dirigirse, mediante escrito al Delegado de Protecci\u00f3n de Datos de Certest, mediante correo electr\u00f3nico a:\u00a0<a href=\"mailto:legal@Certest.es\">legal@Certest.es<\/a><\/p>\n<p>El usuario podr\u00e1 reclamar ante la Agencia Espa\u00f1ola de Protecci\u00f3n de Datos (Autoridad de Control competente en esta materia), especialmente cuando no haya obtenido satisfacci\u00f3n en el ejercicio de sus derechos, mediante escrito dirigido a la misma, C\/ Jorge Juan, n\u00famero 6, 28001 \u2013 Madrid o a trav\u00e9s de la web:\u00a0<a href=\"https:\/\/www.aepd.es\">https:\/\/www.aepd.es<\/a><\/p>\n<\/div><\/div><\/div><\/div><\/div>\n","protected":false},"excerpt":{"rendered":"","protected":false},"author":1,"featured_media":0,"parent":0,"menu_order":0,"comment_status":"closed","ping_status":"closed","template":"","meta":{"_acf_changed":false,"footnotes":""},"class_list":["post-19344","page","type-page","status-publish","hentry"],"acf":[],"yoast_head":"<!-- This site is optimized with the Yoast SEO plugin v26.4 - https:\/\/yoast.com\/wordpress\/plugins\/seo\/ -->\n<title>POL\u00cdTICA DE COOKIES - Certest Biotec - Raw Materials | Diagnostics | Pharma<\/title>\n<meta name=\"robots\" content=\"index, follow, max-snippet:-1, max-image-preview:large, max-video-preview:-1\" \/>\n<link rel=\"canonical\" href=\"https:\/\/www.certest.es\/es\/politica-de-cookies\/\" \/>\n<meta property=\"og:locale\" content=\"es_ES\" \/>\n<meta property=\"og:type\" content=\"article\" \/>\n<meta property=\"og:title\" content=\"POL\u00cdTICA DE COOKIES - Certest Biotec - Raw Materials | Diagnostics | Pharma\" \/>\n<meta property=\"og:url\" content=\"https:\/\/www.certest.es\/es\/politica-de-cookies\/\" \/>\n<meta property=\"og:site_name\" content=\"Certest Biotec - Raw Materials | Diagnostics | Pharma\" \/>\n<meta property=\"article:modified_time\" content=\"2023-01-27T12:18:44+00:00\" \/>\n<meta name=\"twitter:card\" content=\"summary_large_image\" \/>\n<meta name=\"twitter:label1\" content=\"Tiempo de lectura\" \/>\n\t<meta name=\"twitter:data1\" content=\"15 minutos\" \/>\n<script type=\"application\/ld+json\" class=\"yoast-schema-graph\">{\"@context\":\"https:\/\/schema.org\",\"@graph\":[{\"@type\":\"WebPage\",\"@id\":\"https:\/\/www.certest.es\/es\/politica-de-cookies\/\",\"url\":\"https:\/\/www.certest.es\/es\/politica-de-cookies\/\",\"name\":\"POL\u00cdTICA DE COOKIES - Certest Biotec - Raw Materials | Diagnostics | Pharma\",\"isPartOf\":{\"@id\":\"https:\/\/www.certest.es\/#website\"},\"datePublished\":\"2021-10-04T11:29:12+00:00\",\"dateModified\":\"2023-01-27T12:18:44+00:00\",\"breadcrumb\":{\"@id\":\"https:\/\/www.certest.es\/es\/politica-de-cookies\/#breadcrumb\"},\"inLanguage\":\"es\",\"potentialAction\":[{\"@type\":\"ReadAction\",\"target\":[\"https:\/\/www.certest.es\/es\/politica-de-cookies\/\"]}]},{\"@type\":\"BreadcrumbList\",\"@id\":\"https:\/\/www.certest.es\/es\/politica-de-cookies\/#breadcrumb\",\"itemListElement\":[{\"@type\":\"ListItem\",\"position\":1,\"name\":\"Portada\",\"item\":\"https:\/\/www.certest.es\/es\/\"},{\"@type\":\"ListItem\",\"position\":2,\"name\":\"POL\u00cdTICA DE COOKIES\"}]},{\"@type\":\"WebSite\",\"@id\":\"https:\/\/www.certest.es\/#website\",\"url\":\"https:\/\/www.certest.es\/\",\"name\":\"Certest Biotec - Raw Materials | Diagnostics | Pharma\",\"description\":\"Productos para diagn\u00f3stico in vitro\",\"potentialAction\":[{\"@type\":\"SearchAction\",\"target\":{\"@type\":\"EntryPoint\",\"urlTemplate\":\"https:\/\/www.certest.es\/?s={search_term_string}\"},\"query-input\":{\"@type\":\"PropertyValueSpecification\",\"valueRequired\":true,\"valueName\":\"search_term_string\"}}],\"inLanguage\":\"es\"}]}<\/script>\n<!-- \/ Yoast SEO plugin. -->","yoast_head_json":{"title":"POL\u00cdTICA DE COOKIES - Certest Biotec - Raw Materials | Diagnostics | Pharma","robots":{"index":"index","follow":"follow","max-snippet":"max-snippet:-1","max-image-preview":"max-image-preview:large","max-video-preview":"max-video-preview:-1"},"canonical":"https:\/\/www.certest.es\/es\/politica-de-cookies\/","og_locale":"es_ES","og_type":"article","og_title":"POL\u00cdTICA DE COOKIES - Certest Biotec - Raw Materials | Diagnostics | Pharma","og_url":"https:\/\/www.certest.es\/es\/politica-de-cookies\/","og_site_name":"Certest Biotec - Raw Materials | Diagnostics | Pharma","article_modified_time":"2023-01-27T12:18:44+00:00","twitter_card":"summary_large_image","twitter_misc":{"Tiempo de lectura":"15 minutos"},"schema":{"@context":"https:\/\/schema.org","@graph":[{"@type":"WebPage","@id":"https:\/\/www.certest.es\/es\/politica-de-cookies\/","url":"https:\/\/www.certest.es\/es\/politica-de-cookies\/","name":"POL\u00cdTICA DE COOKIES - Certest Biotec - Raw Materials | Diagnostics | Pharma","isPartOf":{"@id":"https:\/\/www.certest.es\/#website"},"datePublished":"2021-10-04T11:29:12+00:00","dateModified":"2023-01-27T12:18:44+00:00","breadcrumb":{"@id":"https:\/\/www.certest.es\/es\/politica-de-cookies\/#breadcrumb"},"inLanguage":"es","potentialAction":[{"@type":"ReadAction","target":["https:\/\/www.certest.es\/es\/politica-de-cookies\/"]}]},{"@type":"BreadcrumbList","@id":"https:\/\/www.certest.es\/es\/politica-de-cookies\/#breadcrumb","itemListElement":[{"@type":"ListItem","position":1,"name":"Portada","item":"https:\/\/www.certest.es\/es\/"},{"@type":"ListItem","position":2,"name":"POL\u00cdTICA DE COOKIES"}]},{"@type":"WebSite","@id":"https:\/\/www.certest.es\/#website","url":"https:\/\/www.certest.es\/","name":"Certest Biotec - Raw Materials | Diagnostics | Pharma","description":"Productos para diagn\u00f3stico in vitro","potentialAction":[{"@type":"SearchAction","target":{"@type":"EntryPoint","urlTemplate":"https:\/\/www.certest.es\/?s={search_term_string}"},"query-input":{"@type":"PropertyValueSpecification","valueRequired":true,"valueName":"search_term_string"}}],"inLanguage":"es"}]}},"_links":{"self":[{"href":"https:\/\/www.certest.es\/es\/wp-json\/wp\/v2\/pages\/19344","targetHints":{"allow":["GET"]}}],"collection":[{"href":"https:\/\/www.certest.es\/es\/wp-json\/wp\/v2\/pages"}],"about":[{"href":"https:\/\/www.certest.es\/es\/wp-json\/wp\/v2\/types\/page"}],"author":[{"embeddable":true,"href":"https:\/\/www.certest.es\/es\/wp-json\/wp\/v2\/users\/1"}],"replies":[{"embeddable":true,"href":"https:\/\/www.certest.es\/es\/wp-json\/wp\/v2\/comments?post=19344"}],"version-history":[{"count":0,"href":"https:\/\/www.certest.es\/es\/wp-json\/wp\/v2\/pages\/19344\/revisions"}],"wp:attachment":[{"href":"https:\/\/www.certest.es\/es\/wp-json\/wp\/v2\/media?parent=19344"}],"curies":[{"name":"wp","href":"https:\/\/api.w.org\/{rel}","templated":true}]}}