{"id":19338,"date":"2021-10-04T13:21:44","date_gmt":"2021-10-04T11:21:44","guid":{"rendered":"https:\/\/www.certest.es\/terms-of-use\/"},"modified":"2023-08-22T13:38:59","modified_gmt":"2023-08-22T11:38:59","slug":"condiciones-de-uso","status":"publish","type":"page","link":"https:\/\/www.certest.es\/es\/condiciones-de-uso\/","title":{"rendered":"Condiciones de uso"},"content":{"rendered":"<div class=\"fusion-fullwidth fullwidth-box fusion-builder-row-1 fusion-flex-container nonhundred-percent-fullwidth non-hundred-percent-height-scrolling\" style=\"--awb-border-radius-top-left:0px;--awb-border-radius-top-right:0px;--awb-border-radius-bottom-right:0px;--awb-border-radius-bottom-left:0px;--awb-flex-wrap:wrap;\" ><div class=\"fusion-builder-row fusion-row fusion-flex-align-items-flex-start fusion-flex-content-wrap\" style=\"max-width:1352px;margin-left: calc(-4% \/ 2 );margin-right: calc(-4% \/ 2 );\"><div class=\"fusion-layout-column fusion_builder_column fusion-builder-column-0 fusion_builder_column_1_1 1_1 fusion-flex-column\" style=\"--awb-bg-size:cover;--awb-width-large:100%;--awb-margin-top-large:0px;--awb-spacing-right-large:1.92%;--awb-margin-bottom-large:20px;--awb-spacing-left-large:1.92%;--awb-width-medium:100%;--awb-order-medium:0;--awb-spacing-right-medium:1.92%;--awb-spacing-left-medium:1.92%;--awb-width-small:100%;--awb-order-small:0;--awb-spacing-right-small:1.92%;--awb-spacing-left-small:1.92%;\"><div class=\"fusion-column-wrapper fusion-column-has-shadow fusion-flex-justify-content-flex-start fusion-content-layout-column\"><div class=\"fusion-separator fusion-full-width-sep\" style=\"align-self: center;margin-left: auto;margin-right: auto;margin-top:20px;width:100%;\"><\/div><div class=\"fusion-text fusion-text-1\"><h2><strong>AVISO LEGAL<\/strong><\/h2>\n<h1><strong>T\u00c9RMINOS Y CONDICIONES DE USO<\/strong><\/h1>\n<h2><strong>1. INTRODUCCI\u00d3N<\/strong><\/h2>\n<p><strong>\u00abCertest Biotec, S.L.\u00bb<\/strong>, compa\u00f1\u00eda mercantil de nacionalidad espa\u00f1ola domiciliada en Pol\u00edgono Industrial Rio Gallego II, C\/J n\u00ba 1., CP 50840- San Mateo de Gallego (Zaragoza), con C.I.F.\/V.A.T. ESB50946854 e inscrita en el Registro Mercantil de Zaragoza al Tomo 2881, folio 40, secci\u00f3n 8, hoja Z-32629 (en adelante, \u201cCertest\u201d), es la titular de la presente p\u00e1gina web <a href=\"https:\/\/www.certest.es\">https:\/\/www.Certest.es<\/a>.<\/p>\n<p>Sus datos de contacto son <a href=\"mailto:legal@certest.es\">legal@lertest.es<\/a>. 976.520.354.<\/p>\n<p>La compa\u00f1\u00eda est\u00e1 compuesta por varias Unidades de\u00a0Negocio, que desarrollan su actividad de forma independiente cada una de ellas. De hecho, es posible que algunas de ellas tengan sitios web propios a los que se accede, tanto a trav\u00e9s de la web de Certest como de forma independiente a trav\u00e9s de URL propias de cada Unidad.<\/p>\n<p>Los presentes t\u00e9rminos y condiciones de uso aplican a todos los sitios web que sean propiedad de Certest, ya sea la presente p\u00e1gina web como cualquier otra web o subdominio donde el titular sea Certest, independientemente de la Unidad de Negocio que la gestione (todos ellos en adelante, ser\u00e1 citadas y denominadas conjuntamente como el \u201c<strong>Sitio Web<\/strong>\u201d).<\/p>\n<h2><strong>2. OBJETO Y \u00c1MBITO DE APLICACI\u00d3N<\/strong><\/h2>\n<p>El presente Aviso Legal establece los T\u00e9rminos y Condiciones Legales (en adelante, los \u201cT\u00e9rminos\u201d) que regulan el acceso, navegaci\u00f3n y uso del Sitio Web y sus contenidos, por parte de los usuarios.<\/p>\n<p>A estos efectos, se entender\u00e1 por \u201cusuario\u201d a la persona que acceda, navegue, utilice o participe en los servicios y actividades, gratuitas u onerosas, desarrolladas en el Sitio Web.<\/p>\n<p>Asimismo, se entender\u00e1 por \u00abcontenidos\u00bb, con car\u00e1cter enunciativo y no limitativo, los textos, gr\u00e1ficos, dibujos, dise\u00f1os, c\u00f3digos, software, fotograf\u00edas, m\u00fasica, v\u00eddeos, obras audiovisuales, sonidos, bases de datos, im\u00e1genes, expresiones e informaciones, as\u00ed como cualquier otra obra o creaci\u00f3n protegida por la ley nacionales y los tratados internacionales sobre Propiedad Intelectual e Industrial.<\/p>\n<p>Por medio del Sitio Web se facilita a los Usuarios, de manera gratuita, el acceso a diversos contenidos, servicios, informaci\u00f3n y datos, puestos a su disposici\u00f3n. Certest se reserva el derecho de modificar en cualquier momento la presentaci\u00f3n, configuraci\u00f3n y localizaci\u00f3n del Sitio Web, as\u00ed como sus contenidos, productos y servicios.<\/p>\n<h2><strong>3. ACEPTACI\u00d3N DE LOS T\u00c9RMINOS Y CONDICIONES LEGALES<\/strong><\/h2>\n<p>El acceso al Sitio Web o su mera utilizaci\u00f3n -en cualquier forma- atribuye al usuario dicha condici\u00f3n, e implica y conlleva la aceptaci\u00f3n por su parte de los T\u00e9rminos expresados en este Aviso Legal, reserv\u00e1ndose Certest el derecho a modificarlos en cualquier momento. Ello, sin perjuicio de la aceptaci\u00f3n o rechazo de la instalaci\u00f3n de las Cookies en el Sitio Web, o de los tratamientos de los datos personales de los usuarios sometidos a su consentimiento, que se regir\u00e1n, respectivamente, por la Pol\u00edtica de Cookies y la Pol\u00edtica de Privacidad de Certest.<\/p>\n<p>En consecuencia, ser\u00e1 responsabilidad de todo usuario la lectura de los T\u00e9rminos del Sitio Web cada vez que acceda al mismo.<\/p>\n<p>Si no est\u00e1 de acuerdo con los T\u00e9rminos establecidos en el Sitio Web, rogamos se abstenga de visitarlo y\/o utilizarlo.<\/p>\n<h2><strong>4. USO DEL CONTENIDO DE LA WEB<\/strong><\/h2>\n<p>Con car\u00e1cter general, el usuario se obliga al cumplimiento de los presentes T\u00e9rminos, as\u00ed como a cumplir las especiales advertencias o instrucciones de uso contenidas en ellos, y obrar siempre conforme a la Ley en vigor, la moral, las buenas costumbres y a las exigencias de la buena fe y el orden p\u00fablico establecido, empleando la diligencia debida, y absteni\u00e9ndose de utilizar el Sitio Web de cualquier forma que pueda impedir, da\u00f1ar o deteriorar su normal funcionamiento, los bienes o derechos de Certest, del resto de usuarios o, en general, de cualquier tercero.<\/p>\n<p>El Sitio Web contiene material preparado por Certest con fines \u00fanicamente informativos.<\/p>\n<p>Salvo que se indique lo contrario, y con la condici\u00f3n de que cumpla con todas las obligaciones que indican los presentes T\u00e9rminos, el usuario est\u00e1 autorizado para ver, copiar, imprimir y distribuir (pero no modificar) los contenidos de este Sitio Web, siempre y cuando: (i) dicho uso sea para fines no comerciales, y (ii) cualquier copia del contenido que se haga debe incluir, necesaria e inexcusablemente, el aviso de la Propiedad Intelectual, u otra atribuci\u00f3n asociada con el mismo, con indicaci\u00f3n expresa de la titularidad de Certest sobre el contenido reproducido y\/o compartido. El usuario deber\u00e1 respetar en todo caso la integridad de los contenidos, informaci\u00f3n y servicios dispuestos en la p\u00e1gina web.<\/p>\n<p>Por el contrario, el usuario no est\u00e1 autorizado a copiar, utilizar, modificar, adaptar, distribuir o comunicar p\u00fablicamente cualquier software, proceso patentado o la tecnolog\u00eda incorporada o descrita en este Sitio Web.<\/p>\n<p>El usuario deber\u00e1 cumplir con todas las leyes aplicables respecto al acceso y uso de este sitio Web.<\/p>\n<h2><strong>5. PROPIEDAD INDUSTRIAL E INTELECTUAL<\/strong><\/h2>\n<p>Salvo que se indique lo contrario, el contenido de este Sitio Web es proporcionado por Certest, entidad titular de los derechos de explotaci\u00f3n asociados a dicho contenido.<\/p>\n<p>Este Sitio Web y su contenido est\u00e1n protegidos por derechos de Propiedad Intelectual e Industrial concedidos por la legislaci\u00f3n europea y de los Estados Unidos. Certest se reserva todos los derechos no concedidos expresamente en estos t\u00e9rminos de uso. En ning\u00fan caso el acceso a la p\u00e1gina web implica ning\u00fan tipo de renuncia, transmisi\u00f3n, licencia o cesi\u00f3n total ni parcial de dichos derechos.<\/p>\n<p>Certest, Certest Biotec, Certest bioSCIENCE, Certest Rapid Test, Turbilatex, VIASURE Real Time PCR Detection Kits, Certest CLIA, Certest VACCINES, BioSynProbes, y cualquiera de los logotipos creados por y vinculados a Certest, S.L. y su grupo de empresas, y todas las variantes idiom\u00e1ticas de las marcas mencionadas anteriormente, as\u00ed como ciertos nombres de productos que aparecen en este sitio Web (conocidas en su conjunto como \u00abMarcas Certest\u00bb), son marcas comerciales o marcas comerciales registradas que pertenecen a Certest Biotec, S.L. Con excepci\u00f3n de lo expresamente indicado en estos t\u00e9rminos de uso, no podr\u00e1 utilizarse ninguna de estas \u00abMarcas Certest\u00bb, ya sea sola o en combinaci\u00f3n con otras palabras o elementos de dise\u00f1o, incluyendo notas de prensa, publicidad o cualquier otro material promocional, de marketing o de comunicaci\u00f3n, ya sea comunicaci\u00f3n escrita, oral, electr\u00f3nica, visual o en cualquier otro formato.<\/p>\n<p>Las referencias sobre marcas comerciales de terceros en este sitio Web son meramente para fines de identificaci\u00f3n, y no hacen referencia a que hayan aprobado este sitio Web o su contenido. Dichos t\u00e9rminos de uso no conceden de ninguna manera el derecho a utilizar las marcas de terceros.<\/p>\n<p>Los presentes T\u00e9rminos del Sitio Web no confieren a los usuarios ning\u00fan otro derecho de utilizaci\u00f3n, transformaci\u00f3n, explotaci\u00f3n, reproducci\u00f3n, distribuci\u00f3n o comunicaci\u00f3n p\u00fablica del Sitio Web ni de sus Contenidos, distintos de los aqu\u00ed expresamente previstos y conferidos de manera expresa. Cualquier otro uso o explotaci\u00f3n estar\u00e1 sujeto a la previa y expresa autorizaci\u00f3n, espec\u00edficamente otorgada a tal efecto, por Certest o, en su caso, por el tercero titular de los derechos afectados.<\/p>\n<h2><strong>6. PROTECCI\u00d3N DE DATOS PERSONALES<\/strong><\/h2>\n<p>Para utilizar algunos de los servicios, los usuarios deben proporcionar previamente ciertos datos de car\u00e1cter personal; en particular para el uso del formulario de contacto y el env\u00edo de su curr\u00edculum vitae. Para ello, Certest tratar\u00e1 los datos personales concernientes a los usuarios dando pleno cumplimiento a lo establecido en la normativa en materia de protecci\u00f3n de datos.<\/p>\n<p>En todo caso, Certest garantiza que (i) pone disposici\u00f3n al usuario la informaci\u00f3n exigida por la normativa de protecci\u00f3n de datos que resulte de aplicaci\u00f3n, lo cual llevar\u00e1 a cabo previamente a que dichos datos sean facilitados y (ii) solicitar\u00e1 su consentimiento, de manera clara y afirmativa, para aquellos tratamientos que as\u00ed lo requieran. El usuario puede conocer la informaci\u00f3n de protecci\u00f3n de datos aplicable al presente Sitio Web mediante el acceso a la Pol\u00edtica de Privacidad de Certest a trav\u00e9s del siguiente <a href=\"https:\/\/www.certest.es\/es\/politica-de-privacidad\/\">enlace<\/a>.<\/p>\n<p>Adicionalmente, el usuario garantiza a Certest que los datos persones que facilite son propios y exactos, y que en modo alguno vulneran derechos ni libertades de terceros. No obstante, en el caso en que el usuario s\u00ed proporcionase a Certest informaci\u00f3n personal de terceros, dicho usuario garantiza que habr\u00e1 informado previamente al tercero acerca de la Pol\u00edtica de Privacidad de Certest, y que contaba con su previo consentimiento para ceder sus datos personales a Certest.<\/p>\n<p>Del mismo modo, Certest informa al usuario de que utiliza dispositivos de recuperaci\u00f3n y almacenamiento de informaci\u00f3n (\u201ccookies\u201d) a trav\u00e9s del presente Sitio Web, siempre y cuando el usuario lo autorice para aquellas categor\u00edas de cookies que, por su finalidad, requieran su previo consentimiento. En todo caso, el usuario puede acceder a la Pol\u00edtica de Cookies a trav\u00e9s del siguiente <a href=\"https:\/\/www.certest.es\/es\/politica-de-cookies\/\">enlace<\/a>.<\/p>\n<p>El usuario podr\u00e1 consultar cualquier aspecto relacionado con el tratamiento de sus datos personales y\/o con la instalaci\u00f3n y utilizaci\u00f3n de Cookies, contactando con <a href=\"mailto:legal@certest.es\">legal@certest.es<\/a><\/p>\n<h2><strong>7. RESPONSABILIDADES Y GARANT\u00cdAS<\/strong><\/h2>\n<p>Este Sitio Web contiene \u00fanicamente informaci\u00f3n general, y no tiene como objetivo (i) la prestaci\u00f3n de servicios distintos de permitir el acceso a este Sitio Web, (ii) en general, la adquisici\u00f3n de productos o (iii) cualquier otro fin distinto del meramente informativo.<\/p>\n<p>La prestaci\u00f3n del servicio consistente en el acceso al presente Sitio Web tiene, en principio, una duraci\u00f3n indefinida.<\/p>\n<p>No obstante, Certest no garantiza el acceso continuado, ni la correcta visualizaci\u00f3n, descarga o utilidad de los elementos e informaciones contenidas en el Sitio Web que pueden verse impedidos, dificultados o interrumpidos por factores o circunstancias que est\u00e1n fuera de su control. Certest podr\u00e1 interrumpir el servicio o resolver de modo inmediato la relaci\u00f3n con el usuario si detecta un uso de su Sitio Web -o de cualquiera de los servicios ofertados en \u00e9l- contrarios a los presentes T\u00e9rminos.<\/p>\n<p>As\u00ed, Certest no se hace responsable por da\u00f1os, perjuicios, p\u00e9rdidas, reclamaciones o gastos, producidos por:<\/p>\n<ol>\n<li>Interferencias, interrupciones, fallos, omisiones, aver\u00edas telef\u00f3nicas, retrasos, bloqueos o desconexiones en el funcionamiento del sistema electr\u00f3nico, motivadas por deficiencias, sobrecargas y errores en las l\u00edneas y redes de telecomunicaciones, o por cualquier otra causa ajena al control de Certest;<\/li>\n<li>Intromisiones ileg\u00edtimas mediante el uso de programas malignos de cualquier tipo y a trav\u00e9s de cualquier medio de comunicaci\u00f3n, tales como virus inform\u00e1ticos o cualesquiera otros;<\/li>\n<li>Abuso indebido o inadecuado del Sitio Web de Certest;<\/li>\n<li>Errores de seguridad o navegaci\u00f3n producidos por un mal funcionamiento del navegador o por el uso de versiones no actualizadas del mismo. Los administradores de Certest se reservan el derecho de retirar, total o parcialmente, cualquier contenido o informaci\u00f3n presente en el Sitio Web.<\/li>\n<\/ol>\n<p>El uso de este Sitio Web por el usuario se realiza bajo su propio riesgo, asumiendo el usuario toda la responsabilidad y riesgo de p\u00e9rdida derivada de su uso, incluyendo de manera expresa, sin limitaci\u00f3n, la p\u00e9rdida de servicios o de informaci\u00f3n. Certest no ser\u00e1 responsable por da\u00f1os causados de manera directa o indirecta, incidental, consecuente o punitiva, o de cualquier otro da\u00f1o, ya sea en el ejercicio de la acci\u00f3n de un contrato, cl\u00e1usula, o de cualquier otra forma, en relaci\u00f3n con, o como resultado, del uso del Sitio Web, incluso si se ten\u00eda conocimiento respecto de la posibilidad de causar tales da\u00f1os.<\/p>\n<p>Asimismo, Certest queda exonerada de cualquier responsabilidad por el contenido e informaciones que puedan ser recibidas como consecuencia de los formularios de recogida de datos.<\/p>\n<p>No obstante lo anterior, Certest declara que ha adoptado y adoptar\u00e1, en su caso, todas las medidas necesarias dentro de sus posibilidades y del estado de la tecnolog\u00eda, para garantizar el correcto funcionamiento del Sitio web y evitar la existencia y transmisi\u00f3n de virus y dem\u00e1s componentes da\u00f1inos a los Usuarios.<\/p>\n<p>Algunos enlaces en este Sitio Web pueden dirigir a p\u00e1ginas web, recursos y herramientas prove\u00eddas por terceros, sobre los cuales Certest no tiene ninguna facultad ni control. Sin excepci\u00f3n alguna respecto a lo anterior, Certest no garantiza -ni de manera t\u00e1cita ni expresa- los contenidos de dichos sitios Web, ni los recursos y herramientas y\/o enlaces que contengan. Tales contenidos, recursos y herramientas no deben entenderse por aprobados por Certest, ni por terceros.<\/p>\n<p>Las liberaciones y limitaciones de responsabilidad mencionadas anteriormente, a su vez tambi\u00e9n ser\u00e1n aplicadas para cualquier entidad de Certest y su personal.<\/p>\n<p>Las liberaciones y limitaciones de responsabilidad mencionadas anteriormente son aplicables en la medida en que lo permita la ley.<\/p>\n<p>Por otro lado, en caso de utilizar il\u00edcita o incorrectamente los Contenidos o servicios de este Sitio Web, el usuario responder\u00e1, y Certest podr\u00e1 reclamar, por aquellos da\u00f1os y perjuicios causados.<\/p>\n<h2><strong>8. T\u00c9RMINOS ADICIONALES<\/strong><\/h2>\n<p>Certest podr\u00e1 revisar estos t\u00e9rminos de uso en cualquier momento, de manera unilateral y sin necesidad de atender ning\u00fan plazo de preaviso, mediante la publicaci\u00f3n de dichas revisiones en la secci\u00f3n de t\u00e9rminos de uso o en cualquier otra parte de este sitio Web. Dichas revisiones entrar\u00e1n vigor despu\u00e9s de su publicaci\u00f3n, con excepci\u00f3n de que se indique expresamente lo contrario. Tras ello, y de acuerdo con lo dispuesto en el apartado 3, el mero acceso al Sitio Web o su utilizaci\u00f3n implicar\u00e1 la aceptaci\u00f3n de los T\u00e9rminos vigentes en ese momento. Por tal motivo, es responsabilidad del usuario revisar el Sitio Web y ser consciente de cualquier revisi\u00f3n de sus t\u00e9rminos de uso.<\/p>\n<p>Certest no ser\u00e1 responsable en todo en caso de imposibilidad de prestar el acceso al Sitio Web, si se debe a interrupciones prolongadas del suministro el\u00e9ctrico, l\u00edneas de telecomunicaciones, conflictos sociales, huelgas, rebeli\u00f3n, explosiones, inundaciones, actos y omisiones del Gobierno y, en general, todos los supuestos de fuerza mayor, de acuerdo con la legislaci\u00f3n vigente y su aplicaci\u00f3n jurisdiccional.<\/p>\n<p>Certest se reserva el derecho de ejercer las acciones legales que le reconoce la normativa en el caso de detectar, por cualquier medio, un incumplimiento de los presentes T\u00e9rminos o una indebida utilizaci\u00f3n del Sitio Web. El no ejercicio o ejecuci\u00f3n por parte de Certest de cualquier derecho o disposici\u00f3n contenida en estos T\u00e9rminos no constituir\u00e1 una renuncia al mismo.<\/p>\n<p>En caso de que cualquier jurisdicci\u00f3n invalide o considere inaplicables, en todo o en parte, los presentes t\u00e9rminos y condiciones de uso, el resto permanecer\u00e1 con plena vigencia y eficacia. Asimismo, en tal caso, en cualquier otra jurisdicci\u00f3n todos estos t\u00e9rminos de uso permanecer\u00e1n con plena vigencia y eficacia.<\/p>\n<p>Toda controversia en relaci\u00f3n con los T\u00e9rminos del Sitio Web, incluida cualquier cuesti\u00f3n relativa a su existencia, validez, interpretaci\u00f3n, cumplimiento o terminaci\u00f3n, ser\u00e1 resuelta definitivamente mediante arbitraje de Derecho espa\u00f1ol y administrado por la Corte de Arbitraje de la C\u00e1mara Oficial de Comercio, Industria y Servicios de Madrid, de acuerdo con su Reglamento de Arbitraje vigente a la fecha de presentaci\u00f3n de la solicitud de arbitraje.<\/p>\n<p>Fecha de actualizaci\u00f3n: diciembre de 2022.<\/p>\n<\/div><\/div><\/div><\/div><\/div>\n","protected":false},"excerpt":{"rendered":"","protected":false},"author":1,"featured_media":0,"parent":0,"menu_order":0,"comment_status":"closed","ping_status":"closed","template":"","meta":{"_acf_changed":false,"footnotes":""},"class_list":["post-19338","page","type-page","status-publish","hentry"],"acf":[],"yoast_head":"<!-- This site is optimized with the Yoast SEO plugin v26.4 - https:\/\/yoast.com\/wordpress\/plugins\/seo\/ -->\n<title>Condiciones de uso - Certest Biotec - Raw Materials | Diagnostics | Pharma<\/title>\n<meta name=\"robots\" content=\"index, follow, max-snippet:-1, max-image-preview:large, max-video-preview:-1\" \/>\n<link rel=\"canonical\" href=\"https:\/\/www.certest.es\/es\/condiciones-de-uso\/\" \/>\n<meta property=\"og:locale\" content=\"es_ES\" \/>\n<meta property=\"og:type\" content=\"article\" \/>\n<meta property=\"og:title\" content=\"Condiciones de uso - Certest Biotec - Raw Materials | Diagnostics | Pharma\" \/>\n<meta property=\"og:url\" content=\"https:\/\/www.certest.es\/es\/condiciones-de-uso\/\" \/>\n<meta property=\"og:site_name\" content=\"Certest Biotec - Raw Materials | Diagnostics | Pharma\" \/>\n<meta property=\"article:modified_time\" content=\"2023-08-22T11:38:59+00:00\" \/>\n<meta name=\"twitter:card\" content=\"summary_large_image\" \/>\n<meta name=\"twitter:label1\" content=\"Tiempo de lectura\" \/>\n\t<meta name=\"twitter:data1\" content=\"7 minutos\" \/>\n<script type=\"application\/ld+json\" class=\"yoast-schema-graph\">{\"@context\":\"https:\/\/schema.org\",\"@graph\":[{\"@type\":\"WebPage\",\"@id\":\"https:\/\/www.certest.es\/es\/condiciones-de-uso\/\",\"url\":\"https:\/\/www.certest.es\/es\/condiciones-de-uso\/\",\"name\":\"Condiciones de uso - Certest Biotec - Raw Materials | Diagnostics | Pharma\",\"isPartOf\":{\"@id\":\"https:\/\/www.certest.es\/#website\"},\"datePublished\":\"2021-10-04T11:21:44+00:00\",\"dateModified\":\"2023-08-22T11:38:59+00:00\",\"breadcrumb\":{\"@id\":\"https:\/\/www.certest.es\/es\/condiciones-de-uso\/#breadcrumb\"},\"inLanguage\":\"es\",\"potentialAction\":[{\"@type\":\"ReadAction\",\"target\":[\"https:\/\/www.certest.es\/es\/condiciones-de-uso\/\"]}]},{\"@type\":\"BreadcrumbList\",\"@id\":\"https:\/\/www.certest.es\/es\/condiciones-de-uso\/#breadcrumb\",\"itemListElement\":[{\"@type\":\"ListItem\",\"position\":1,\"name\":\"Portada\",\"item\":\"https:\/\/www.certest.es\/es\/\"},{\"@type\":\"ListItem\",\"position\":2,\"name\":\"Condiciones de uso\"}]},{\"@type\":\"WebSite\",\"@id\":\"https:\/\/www.certest.es\/#website\",\"url\":\"https:\/\/www.certest.es\/\",\"name\":\"Certest Biotec - Raw Materials | Diagnostics | Pharma\",\"description\":\"Productos para diagn\u00f3stico in vitro\",\"potentialAction\":[{\"@type\":\"SearchAction\",\"target\":{\"@type\":\"EntryPoint\",\"urlTemplate\":\"https:\/\/www.certest.es\/?s={search_term_string}\"},\"query-input\":{\"@type\":\"PropertyValueSpecification\",\"valueRequired\":true,\"valueName\":\"search_term_string\"}}],\"inLanguage\":\"es\"}]}<\/script>\n<!-- \/ Yoast SEO plugin. -->","yoast_head_json":{"title":"Condiciones de uso - Certest Biotec - Raw Materials | Diagnostics | Pharma","robots":{"index":"index","follow":"follow","max-snippet":"max-snippet:-1","max-image-preview":"max-image-preview:large","max-video-preview":"max-video-preview:-1"},"canonical":"https:\/\/www.certest.es\/es\/condiciones-de-uso\/","og_locale":"es_ES","og_type":"article","og_title":"Condiciones de uso - Certest Biotec - Raw Materials | Diagnostics | Pharma","og_url":"https:\/\/www.certest.es\/es\/condiciones-de-uso\/","og_site_name":"Certest Biotec - Raw Materials | Diagnostics | Pharma","article_modified_time":"2023-08-22T11:38:59+00:00","twitter_card":"summary_large_image","twitter_misc":{"Tiempo de lectura":"7 minutos"},"schema":{"@context":"https:\/\/schema.org","@graph":[{"@type":"WebPage","@id":"https:\/\/www.certest.es\/es\/condiciones-de-uso\/","url":"https:\/\/www.certest.es\/es\/condiciones-de-uso\/","name":"Condiciones de uso - Certest Biotec - Raw Materials | Diagnostics | Pharma","isPartOf":{"@id":"https:\/\/www.certest.es\/#website"},"datePublished":"2021-10-04T11:21:44+00:00","dateModified":"2023-08-22T11:38:59+00:00","breadcrumb":{"@id":"https:\/\/www.certest.es\/es\/condiciones-de-uso\/#breadcrumb"},"inLanguage":"es","potentialAction":[{"@type":"ReadAction","target":["https:\/\/www.certest.es\/es\/condiciones-de-uso\/"]}]},{"@type":"BreadcrumbList","@id":"https:\/\/www.certest.es\/es\/condiciones-de-uso\/#breadcrumb","itemListElement":[{"@type":"ListItem","position":1,"name":"Portada","item":"https:\/\/www.certest.es\/es\/"},{"@type":"ListItem","position":2,"name":"Condiciones de uso"}]},{"@type":"WebSite","@id":"https:\/\/www.certest.es\/#website","url":"https:\/\/www.certest.es\/","name":"Certest Biotec - Raw Materials | Diagnostics | Pharma","description":"Productos para diagn\u00f3stico in vitro","potentialAction":[{"@type":"SearchAction","target":{"@type":"EntryPoint","urlTemplate":"https:\/\/www.certest.es\/?s={search_term_string}"},"query-input":{"@type":"PropertyValueSpecification","valueRequired":true,"valueName":"search_term_string"}}],"inLanguage":"es"}]}},"_links":{"self":[{"href":"https:\/\/www.certest.es\/es\/wp-json\/wp\/v2\/pages\/19338","targetHints":{"allow":["GET"]}}],"collection":[{"href":"https:\/\/www.certest.es\/es\/wp-json\/wp\/v2\/pages"}],"about":[{"href":"https:\/\/www.certest.es\/es\/wp-json\/wp\/v2\/types\/page"}],"author":[{"embeddable":true,"href":"https:\/\/www.certest.es\/es\/wp-json\/wp\/v2\/users\/1"}],"replies":[{"embeddable":true,"href":"https:\/\/www.certest.es\/es\/wp-json\/wp\/v2\/comments?post=19338"}],"version-history":[{"count":0,"href":"https:\/\/www.certest.es\/es\/wp-json\/wp\/v2\/pages\/19338\/revisions"}],"wp:attachment":[{"href":"https:\/\/www.certest.es\/es\/wp-json\/wp\/v2\/media?parent=19338"}],"curies":[{"name":"wp","href":"https:\/\/api.w.org\/{rel}","templated":true}]}}