{"id":17012,"date":"2021-03-25T09:40:04","date_gmt":"2021-03-25T08:40:04","guid":{"rendered":"https:\/\/www.certest.es\/?page_id=17012"},"modified":"2023-10-03T11:35:40","modified_gmt":"2023-10-03T09:35:40","slug":"proyectos-cofinanciados","status":"publish","type":"page","link":"https:\/\/www.certest.es\/es\/compania\/proyectos-cofinanciados\/","title":{"rendered":"Proyectos cofinanciados"},"content":{"rendered":"<p><div class=\"fusion-fullwidth fullwidth-box fusion-builder-row-1 fusion-flex-container fusion-parallax-none jumbo-udn nonhundred-percent-fullwidth non-hundred-percent-height-scrolling\" style=\"--awb-border-sizes-bottom:16px;--awb-border-color:#e7ecee;--awb-border-radius-top-left:0px;--awb-border-radius-top-right:0px;--awb-border-radius-bottom-right:0px;--awb-border-radius-bottom-left:0px;--awb-min-height:320px;--awb-background-image:url(&quot;https:\/\/www.certest.es\/wp-content\/uploads\/2021\/06\/cabeceras-04.jpg&quot;);--awb-background-size:cover;--awb-flex-wrap:wrap;\" ><div class=\"fusion-builder-row fusion-row fusion-flex-align-items-center fusion-flex-align-content-space-between fusion-flex-content-wrap\" style=\"max-width:1352px;margin-left: calc(-4% \/ 2 );margin-right: calc(-4% \/ 2 );\"><div class=\"fusion-layout-column fusion_builder_column fusion-builder-column-0 fusion_builder_column_1_2 1_2 fusion-flex-column fusion-flex-align-self-center jumbo-udn-col1\" style=\"--awb-bg-size:cover;--awb-width-large:50%;--awb-margin-top-large:0px;--awb-spacing-right-large:3.84%;--awb-margin-bottom-large:0px;--awb-spacing-left-large:3.84%;--awb-width-medium:100%;--awb-order-medium:0;--awb-spacing-right-medium:1.92%;--awb-spacing-left-medium:1.92%;--awb-width-small:100%;--awb-order-small:0;--awb-spacing-right-small:1.92%;--awb-spacing-left-small:1.92%;\"><div class=\"fusion-column-wrapper fusion-column-has-shadow fusion-flex-justify-content-flex-start fusion-content-layout-row fusion-flex-align-items-center\"><div class=\"fusion-separator fusion-full-width-sep\" style=\"align-self: center;margin-left: auto;margin-right: auto;margin-top:50px;width:100%;\"><\/div><div class=\"fusion-title title fusion-title-1 fusion-sep-none fusion-title-text fusion-title-size-one\" style=\"--awb-text-color:#ffffff;--awb-margin-bottom:0px;\"><h1 class=\"fusion-title-heading title-heading-left fusion-responsive-typography-calculated\" style=\"margin:0;--fontSize:40;line-height:1.3;\">Proyectos cofinanciados<\/h1><\/div><div class=\"fusion-title title fusion-title-2 fusion-sep-none fusion-title-text fusion-title-size-three\" style=\"--awb-text-color:#ffffff;--awb-margin-bottom:0px;--awb-font-size:19px;\"><h3 class=\"fusion-title-heading title-heading-left fusion-responsive-typography-calculated\" style=\"margin:0;font-size:1em;--fontSize:19;--minFontSize:19;line-height:1.3;\">Para Certest Biotec la I+D forma parte de su esencia. Adem\u00e1s de llevar a cabo investigaci\u00f3n con fondos propios, la empresa Certest Biotec ha resultado beneficiaria de diversas ayudas y subvenciones de car\u00e1cter competitivo y adjudicataria de concursos de compra p\u00fablica innovadora como los que se detallan a continuaci\u00f3n.<\/h3><\/div><div class=\"fusion-separator fusion-full-width-sep\" style=\"align-self: center;margin-left: auto;margin-right: auto;margin-top:50px;width:100%;\"><\/div><\/div><\/div><\/div><\/div><div class=\"fusion-fullwidth fullwidth-box fusion-builder-row-2 fusion-flex-container nonhundred-percent-fullwidth non-hundred-percent-height-scrolling\" style=\"--awb-border-radius-top-left:0px;--awb-border-radius-top-right:0px;--awb-border-radius-bottom-right:0px;--awb-border-radius-bottom-left:0px;--awb-padding-top:50px;--awb-padding-bottom:50px;--awb-flex-wrap:wrap;\" ><div class=\"fusion-builder-row fusion-row fusion-flex-align-items-flex-start fusion-flex-content-wrap\" style=\"max-width:1352px;margin-left: calc(-4% \/ 2 );margin-right: calc(-4% \/ 2 );\"><div class=\"fusion-layout-column fusion_builder_column fusion-builder-column-1 fusion_builder_column_1_1 1_1 fusion-flex-column\" style=\"--awb-bg-size:cover;--awb-width-large:100%;--awb-margin-top-large:0px;--awb-spacing-right-large:1.92%;--awb-margin-bottom-large:20px;--awb-spacing-left-large:1.92%;--awb-width-medium:100%;--awb-spacing-right-medium:1.92%;--awb-spacing-left-medium:1.92%;--awb-width-small:100%;--awb-spacing-right-small:1.92%;--awb-spacing-left-small:1.92%;\"><div class=\"fusion-column-wrapper fusion-flex-justify-content-flex-start fusion-content-layout-column\"><div class=\"fusion-title title fusion-title-3 fusion-title-text fusion-title-size-two title-grey-bar\" style=\"--awb-text-color:#005192;--awb-sep-color:#e7ecee;--awb-font-size:30px;\"><div class=\"title-sep-container title-sep-container-left fusion-no-large-visibility fusion-no-medium-visibility fusion-no-small-visibility\"><div class=\"title-sep sep-single sep-solid\" style=\"border-color:#e7ecee;\"><\/div><\/div><span class=\"awb-title-spacer fusion-no-large-visibility fusion-no-medium-visibility fusion-no-small-visibility\"><\/span><h2 class=\"fusion-title-heading title-heading-left fusion-responsive-typography-calculated\" style=\"font-family:&quot;Lato&quot;;font-style:normal;font-weight:300;margin:0;font-size:1em;--fontSize:30;line-height:1.3;\">Lista proyectos cofinanciados<\/h2><span class=\"awb-title-spacer\"><\/span><div class=\"title-sep-container title-sep-container-right\"><div class=\"title-sep sep-single sep-solid\" style=\"border-color:#e7ecee;\"><\/div><\/div><\/div><div class=\"fusion-text fusion-text-1\">\n<div class=\"ct-lista-subvenciones-container\">\n<div class=\"ct-lista-subvenciones-item\">\n\t<div class=\"ct-lista-subvenciones-imagen-destacada\">\n\t\t<a href=\"https:\/\/www.certest.es\/es\/subvenciones\/proyecto-end-ram\/\"><img decoding=\"async\" src=\"https:\/\/www.certest.es\/wp-content\/uploads\/2025\/09\/Logo_ENDRAM-CDTI-scaled.png\"\/><\/a>\n\t<\/div>\n\t\n\t<div class=\"ct-lista-subvenciones-content\">\n\t\t<div class=\"ct-lista-subvenciones-titulo\">\n\t\t\t<a href=\"https:\/\/www.certest.es\/es\/subvenciones\/proyecto-end-ram\/\"><h3>Terapias de RNA, Inmunoterapia y Diagn\u00f3stico Avanzado frente a las Resistencias Antimicrobianas<\/h3><\/a>\n\t\t<\/div>\n\t\t<div class=\"ct-lista-subvenciones-fecha\">\n\t\t\t<div class=\"ct-lista-subvenciones-fecha-dato\">Periodo de Ejecuci\u00f3n<\/div>\n\t\t\t<div class=\"ct-lista-subvenciones-fecha-fecha\">01\/2025 - 12\/2028<\/div>\n\t\t<\/div>\n\t\t\t\n\t<\/div>\n<\/div>\n<div class=\"ct-lista-subvenciones-item\">\n\t<div class=\"ct-lista-subvenciones-imagen-destacada\">\n\t\t<a href=\"https:\/\/www.certest.es\/es\/subvenciones\/terapias-de-ultima-generacion-basadas-en-acidos-nucleicos-nanoencapsulados\/\"><img decoding=\"async\" src=\"https:\/\/www.certest.es\/wp-content\/uploads\/2023\/02\/Logo-Gobierno-de-Aragon.png\"\/><\/a>\n\t<\/div>\n\t\n\t<div class=\"ct-lista-subvenciones-content\">\n\t\t<div class=\"ct-lista-subvenciones-titulo\">\n\t\t\t<a href=\"https:\/\/www.certest.es\/es\/subvenciones\/terapias-de-ultima-generacion-basadas-en-acidos-nucleicos-nanoencapsulados\/\"><h3>Terapias de \u00faltima generaci\u00f3n basadas en \u00e1cidos nucleicos nanoencapsulados<\/h3><\/a>\n\t\t<\/div>\n\t\t<div class=\"ct-lista-subvenciones-fecha\">\n\t\t\t<div class=\"ct-lista-subvenciones-fecha-dato\">Periodo de Ejecuci\u00f3n<\/div>\n\t\t\t<div class=\"ct-lista-subvenciones-fecha-fecha\">06\/2023 - 09\/2025<\/div>\n\t\t<\/div>\n\t\t\t\n\t<\/div>\n<\/div>\n<div class=\"ct-lista-subvenciones-item\">\n\t<div class=\"ct-lista-subvenciones-imagen-destacada\">\n\t\t<a href=\"https:\/\/www.certest.es\/es\/subvenciones\/vacunas-de-rna-inhaladas-frente-a-tuberculosis-virtb\/\"><img decoding=\"async\" src=\"https:\/\/www.certest.es\/wp-content\/uploads\/2022\/03\/Misiones-Ciencia-e-Innovacion.png\"\/><\/a>\n\t<\/div>\n\t\n\t<div class=\"ct-lista-subvenciones-content\">\n\t\t<div class=\"ct-lista-subvenciones-titulo\">\n\t\t\t<a href=\"https:\/\/www.certest.es\/es\/subvenciones\/vacunas-de-rna-inhaladas-frente-a-tuberculosis-virtb\/\"><h3>Vacunas de RNA inhaladas frente a tuberculosis (VIRTB)<\/h3><\/a>\n\t\t<\/div>\n\t\t<div class=\"ct-lista-subvenciones-fecha\">\n\t\t\t<div class=\"ct-lista-subvenciones-fecha-dato\">Periodo de Ejecuci\u00f3n<\/div>\n\t\t\t<div class=\"ct-lista-subvenciones-fecha-fecha\">01\/2023 - 12\/2024<\/div>\n\t\t<\/div>\n\t\t\t\n\t<\/div>\n<\/div>\n<div class=\"ct-lista-subvenciones-item\">\n\t<div class=\"ct-lista-subvenciones-imagen-destacada\">\n\t\t<a href=\"https:\/\/www.certest.es\/es\/subvenciones\/diseno-y-desarrollo-de-una-plataforma-de-medicina-con-enfoque-5p-predictiva-preventiva-personalizada-participativa-y-poblacional-mediante-secuenciacion-masiva-ngs\/\"><img decoding=\"async\" src=\"https:\/\/www.certest.es\/wp-content\/uploads\/2023\/02\/Logo-Gobierno-de-Aragon.png\"\/><\/a>\n\t<\/div>\n\t\n\t<div class=\"ct-lista-subvenciones-content\">\n\t\t<div class=\"ct-lista-subvenciones-titulo\">\n\t\t\t<a href=\"https:\/\/www.certest.es\/es\/subvenciones\/diseno-y-desarrollo-de-una-plataforma-de-medicina-con-enfoque-5p-predictiva-preventiva-personalizada-participativa-y-poblacional-mediante-secuenciacion-masiva-ngs\/\"><h3>Dise\u00f1o y desarrollo de una plataforma de medicina con enfoque 5P (predictiva, preventiva, personalizada, participativa y poblacional) mediante secuenciaci\u00f3n masiva (NGS)<\/h3><\/a>\n\t\t<\/div>\n\t\t<div class=\"ct-lista-subvenciones-fecha\">\n\t\t\t<div class=\"ct-lista-subvenciones-fecha-dato\">Periodo de Ejecuci\u00f3n<\/div>\n\t\t\t<div class=\"ct-lista-subvenciones-fecha-fecha\">09\/2022 - 09\/2024<\/div>\n\t\t<\/div>\n\t\t\t\n\t<\/div>\n<\/div>\n<div class=\"ct-lista-subvenciones-item\">\n\t<div class=\"ct-lista-subvenciones-imagen-destacada\">\n\t\t<a href=\"https:\/\/www.certest.es\/es\/subvenciones\/desarrollo-de-vacunas-termoestables-basadas-en-mrna-frente-a-la-variante-delta-del-sars-cov-2-stabvac4cov\/\"><img decoding=\"async\" src=\"https:\/\/www.certest.es\/wp-content\/uploads\/2022\/03\/Misiones-Ciencia-e-Innovacion.png\"\/><\/a>\n\t<\/div>\n\t\n\t<div class=\"ct-lista-subvenciones-content\">\n\t\t<div class=\"ct-lista-subvenciones-titulo\">\n\t\t\t<a href=\"https:\/\/www.certest.es\/es\/subvenciones\/desarrollo-de-vacunas-termoestables-basadas-en-mrna-frente-a-la-variante-delta-del-sars-cov-2-stabvac4cov\/\"><h3>Desarrollo de vacunas termoestables basadas en mRNA frente a la variante delta del SARS-CoV-2 STABVAC4COV<\/h3><\/a>\n\t\t<\/div>\n\t\t<div class=\"ct-lista-subvenciones-fecha\">\n\t\t\t<div class=\"ct-lista-subvenciones-fecha-dato\">Periodo de Ejecuci\u00f3n<\/div>\n\t\t\t<div class=\"ct-lista-subvenciones-fecha-fecha\">15\/09\/2021 - 31\/12\/2023<\/div>\n\t\t<\/div>\n\t\t\t\n\t<\/div>\n<\/div>\n<div class=\"ct-lista-subvenciones-item\">\n\t<div class=\"ct-lista-subvenciones-imagen-destacada\">\n\t\t<a href=\"https:\/\/www.certest.es\/es\/subvenciones\/new-technologies-for-the-design-and-production-of-rna-vaccines-in-aragon\/\"><img decoding=\"async\" src=\"https:\/\/www.certest.es\/wp-content\/uploads\/2023\/02\/Logo-Gobierno-de-Aragon.png\"\/><\/a>\n\t<\/div>\n\t\n\t<div class=\"ct-lista-subvenciones-content\">\n\t\t<div class=\"ct-lista-subvenciones-titulo\">\n\t\t\t<a href=\"https:\/\/www.certest.es\/es\/subvenciones\/new-technologies-for-the-design-and-production-of-rna-vaccines-in-aragon\/\"><h3>Nuevas tecnolog\u00edas para el dise\u00f1o y obtenci\u00f3n de vacunas de ARN en Arag\u00f3n<\/h3><\/a>\n\t\t<\/div>\n\t\t<div class=\"ct-lista-subvenciones-fecha\">\n\t\t\t<div class=\"ct-lista-subvenciones-fecha-dato\">Periodo de Ejecuci\u00f3n<\/div>\n\t\t\t<div class=\"ct-lista-subvenciones-fecha-fecha\">09\/2021 - 09\/2023<\/div>\n\t\t<\/div>\n\t\t\t\n\t<\/div>\n<\/div>\n<div class=\"ct-lista-subvenciones-item\">\n\t<div class=\"ct-lista-subvenciones-imagen-destacada\">\n\t\t<a href=\"https:\/\/www.certest.es\/es\/subvenciones\/state-program-for-the-promotion-of-talent-and-rd-employability\/\"><img decoding=\"async\" src=\"https:\/\/www.certest.es\/wp-content\/uploads\/2021\/04\/aei.png\"\/><\/a>\n\t<\/div>\n\t\n\t<div class=\"ct-lista-subvenciones-content\">\n\t\t<div class=\"ct-lista-subvenciones-titulo\">\n\t\t\t<a href=\"https:\/\/www.certest.es\/es\/subvenciones\/state-program-for-the-promotion-of-talent-and-rd-employability\/\"><h3>Proyectos de investigaci\u00f3n industrial dentro de los Programas Torres Quevedo y Doctorados Industriales<\/h3><\/a>\n\t\t<\/div>\n\t<\/div>\n<\/div>\n<div class=\"ct-lista-subvenciones-item\">\n\t<div class=\"ct-lista-subvenciones-imagen-destacada\">\n\t\t<a href=\"https:\/\/www.certest.es\/es\/subvenciones\/cpi-salud-asurant-analisis-de-susceptibilidad-y-resistencia-microbiana-a-antibioticos\/\"><img decoding=\"async\" src=\"https:\/\/www.certest.es\/wp-content\/uploads\/2021\/03\/asurant.png\"\/><\/a>\n\t<\/div>\n\t\n\t<div class=\"ct-lista-subvenciones-content\">\n\t\t<div class=\"ct-lista-subvenciones-titulo\">\n\t\t\t<a href=\"https:\/\/www.certest.es\/es\/subvenciones\/cpi-salud-asurant-analisis-de-susceptibilidad-y-resistencia-microbiana-a-antibioticos\/\"><h3>CPI SALUD. ASURANT &#8211; An\u00e1lisis de Susceptibilidad y Resistencia Microbiana a Antibi\u00f3ticos<\/h3><\/a>\n\t\t<\/div>\n\t\t<div class=\"ct-lista-subvenciones-fecha\">\n\t\t\t<div class=\"ct-lista-subvenciones-fecha-dato\">Periodo de Ejecuci\u00f3n<\/div>\n\t\t\t<div class=\"ct-lista-subvenciones-fecha-fecha\">12\/2020 \u2013 06\/2022<\/div>\n\t\t<\/div>\n\t\t\t\n\t<\/div>\n<\/div>\n<\/div>\n<\/div><\/div><\/div><\/div><\/div><div class=\"fusion-fullwidth fullwidth-box fusion-builder-row-3 fusion-flex-container nonhundred-percent-fullwidth non-hundred-percent-height-scrolling\" style=\"--awb-background-blend-mode:overlay;--awb-border-radius-top-left:0px;--awb-border-radius-top-right:0px;--awb-border-radius-bottom-right:0px;--awb-border-radius-bottom-left:0px;--awb-padding-top:70px;--awb-padding-bottom:70px;--awb-margin-top:0px;--awb-background-image:linear-gradient(180deg, #e7ecee 0%,#ffffff 20%);--awb-flex-wrap:wrap;\" ><div class=\"fusion-builder-row fusion-row fusion-flex-align-items-flex-start fusion-flex-justify-content-center fusion-flex-content-wrap\" style=\"max-width:1352px;margin-left: calc(-4% \/ 2 );margin-right: calc(-4% \/ 2 );\"><div class=\"fusion-layout-column fusion_builder_column fusion-builder-column-2 fusion_builder_column_1_4 1_4 fusion-flex-column\" style=\"--awb-bg-size:cover;--awb-width-large:25%;--awb-margin-top-large:0px;--awb-spacing-right-large:7.68%;--awb-margin-bottom-large:20px;--awb-spacing-left-large:7.68%;--awb-width-medium:100%;--awb-spacing-right-medium:1.92%;--awb-spacing-left-medium:1.92%;--awb-width-small:100%;--awb-spacing-right-small:1.92%;--awb-spacing-left-small:1.92%;\"><div class=\"fusion-column-wrapper fusion-flex-justify-content-flex-start fusion-content-layout-column\"><\/div><\/div><div class=\"fusion-layout-column fusion_builder_column fusion-builder-column-3 fusion_builder_column_2_5 2_5 fusion-flex-column\" style=\"--awb-bg-size:cover;--awb-width-large:40%;--awb-margin-top-large:0px;--awb-spacing-right-large:4.8%;--awb-margin-bottom-large:20px;--awb-spacing-left-large:4.8%;--awb-width-medium:100%;--awb-spacing-right-medium:1.92%;--awb-spacing-left-medium:1.92%;--awb-width-small:100%;--awb-spacing-right-small:1.92%;--awb-spacing-left-small:1.92%;\"><div class=\"fusion-column-wrapper fusion-flex-justify-content-flex-start fusion-content-layout-column\"><div class=\"fusion-title title fusion-title-4 fusion-title-text fusion-title-size-two title-grey-bar\" style=\"--awb-text-color:#005192;--awb-sep-color:#e7ecee;--awb-font-size:30px;\"><div class=\"title-sep-container title-sep-container-left fusion-no-large-visibility fusion-no-medium-visibility fusion-no-small-visibility\"><div class=\"title-sep sep-single sep-solid\" style=\"border-color:#e7ecee;\"><\/div><\/div><span class=\"awb-title-spacer fusion-no-large-visibility fusion-no-medium-visibility fusion-no-small-visibility\"><\/span><h2 class=\"fusion-title-heading title-heading-left fusion-responsive-typography-calculated\" style=\"font-family:&quot;Lato&quot;;font-style:normal;font-weight:300;margin:0;font-size:1em;--fontSize:30;line-height:1.3;\">Newsletter<\/h2><span class=\"awb-title-spacer\"><\/span><div class=\"title-sep-container title-sep-container-right\"><div class=\"title-sep sep-single sep-solid\" style=\"border-color:#e7ecee;\"><\/div><\/div><\/div><\/div><\/div><div class=\"fusion-layout-column fusion_builder_column fusion-builder-column-4 fusion_builder_column_1_4 1_4 fusion-flex-column\" style=\"--awb-bg-size:cover;--awb-width-large:25%;--awb-margin-top-large:0px;--awb-spacing-right-large:7.68%;--awb-margin-bottom-large:20px;--awb-spacing-left-large:7.68%;--awb-width-medium:100%;--awb-spacing-right-medium:1.92%;--awb-spacing-left-medium:1.92%;--awb-width-small:100%;--awb-spacing-right-small:1.92%;--awb-spacing-left-small:1.92%;\"><div class=\"fusion-column-wrapper fusion-flex-justify-content-flex-start fusion-content-layout-column\"><\/div><\/div><div class=\"fusion-layout-column fusion_builder_column fusion-builder-column-5 fusion_builder_column_1_5 1_5 fusion-flex-column\" style=\"--awb-bg-size:cover;--awb-width-large:20%;--awb-margin-top-large:0px;--awb-spacing-right-large:9.6%;--awb-margin-bottom-large:20px;--awb-spacing-left-large:9.6%;--awb-width-medium:100%;--awb-order-medium:0;--awb-spacing-right-medium:1.92%;--awb-spacing-left-medium:1.92%;--awb-width-small:100%;--awb-order-small:0;--awb-spacing-right-small:1.92%;--awb-spacing-left-small:1.92%;\"><div class=\"fusion-column-wrapper fusion-column-has-shadow fusion-flex-justify-content-flex-start fusion-content-layout-column\"><div class=\"fusion-title title fusion-title-5 fusion-sep-none fusion-title-text fusion-title-size-four\"><h4 class=\"fusion-title-heading title-heading-left fusion-responsive-typography-calculated\" style=\"margin:0;--fontSize:19;--minFontSize:19;line-height:1.3;\">Reciba todas las novedades de Certest Biotec en su correo electr\u00f3nico<\/h4><\/div><\/div><\/div><div class=\"fusion-layout-column fusion_builder_column fusion-builder-column-6 fusion_builder_column_1_5 1_5 fusion-flex-column\" style=\"--awb-bg-size:cover;--awb-width-large:20%;--awb-margin-top-large:0px;--awb-spacing-right-large:9.6%;--awb-margin-bottom-large:20px;--awb-spacing-left-large:9.6%;--awb-width-medium:100%;--awb-order-medium:0;--awb-spacing-right-medium:1.92%;--awb-spacing-left-medium:1.92%;--awb-width-small:100%;--awb-order-small:0;--awb-spacing-right-small:1.92%;--awb-spacing-left-small:1.92%;\"><div class=\"fusion-column-wrapper fusion-column-has-shadow fusion-flex-justify-content-flex-start fusion-content-layout-column\"><div ><a class=\"fusion-button button-flat fusion-button-default-size button-default fusion-button-default button-1 fusion-button-default-span fusion-button-default-type boton-blue\" target=\"_self\" href=\"https:\/\/www.certest.es\/es\/suscripcion-newsletter\/\"><span class=\"fusion-button-text awb-button__text awb-button__text--default\">SUSCRIPCI\u00d3N<\/span><\/a><\/div><\/div><\/div><\/div><\/div>\n<\/p>\n","protected":false},"excerpt":{"rendered":"","protected":false},"author":1,"featured_media":0,"parent":15,"menu_order":0,"comment_status":"closed","ping_status":"closed","template":"100-width.php","meta":{"_acf_changed":false,"footnotes":""},"class_list":["post-17012","page","type-page","status-publish","hentry"],"acf":[],"yoast_head":"<!-- This site is optimized with the Yoast SEO plugin v26.4 - https:\/\/yoast.com\/wordpress\/plugins\/seo\/ -->\n<title>Proyectos cofinanciados - Certest Biotec - Raw Materials | Diagnostics | Pharma<\/title>\n<meta name=\"robots\" content=\"index, follow, max-snippet:-1, max-image-preview:large, max-video-preview:-1\" \/>\n<link rel=\"canonical\" href=\"https:\/\/www.certest.es\/es\/compania\/proyectos-cofinanciados\/\" \/>\n<meta property=\"og:locale\" content=\"es_ES\" \/>\n<meta property=\"og:type\" content=\"article\" \/>\n<meta property=\"og:title\" content=\"Proyectos cofinanciados - Certest Biotec - Raw Materials | Diagnostics | Pharma\" \/>\n<meta property=\"og:url\" content=\"https:\/\/www.certest.es\/es\/compania\/proyectos-cofinanciados\/\" \/>\n<meta property=\"og:site_name\" content=\"Certest Biotec - Raw Materials | Diagnostics | Pharma\" \/>\n<meta property=\"article:modified_time\" content=\"2023-10-03T09:35:40+00:00\" \/>\n<meta name=\"twitter:card\" content=\"summary_large_image\" \/>\n<meta name=\"twitter:label1\" content=\"Tiempo de lectura\" \/>\n\t<meta name=\"twitter:data1\" content=\"11 minutos\" \/>\n<script type=\"application\/ld+json\" class=\"yoast-schema-graph\">{\"@context\":\"https:\/\/schema.org\",\"@graph\":[{\"@type\":\"WebPage\",\"@id\":\"https:\/\/www.certest.es\/es\/compania\/proyectos-cofinanciados\/\",\"url\":\"https:\/\/www.certest.es\/es\/compania\/proyectos-cofinanciados\/\",\"name\":\"Proyectos cofinanciados - Certest Biotec - Raw Materials | Diagnostics | Pharma\",\"isPartOf\":{\"@id\":\"https:\/\/www.certest.es\/#website\"},\"datePublished\":\"2021-03-25T08:40:04+00:00\",\"dateModified\":\"2023-10-03T09:35:40+00:00\",\"breadcrumb\":{\"@id\":\"https:\/\/www.certest.es\/es\/compania\/proyectos-cofinanciados\/#breadcrumb\"},\"inLanguage\":\"es\",\"potentialAction\":[{\"@type\":\"ReadAction\",\"target\":[\"https:\/\/www.certest.es\/es\/compania\/proyectos-cofinanciados\/\"]}]},{\"@type\":\"BreadcrumbList\",\"@id\":\"https:\/\/www.certest.es\/es\/compania\/proyectos-cofinanciados\/#breadcrumb\",\"itemListElement\":[{\"@type\":\"ListItem\",\"position\":1,\"name\":\"Portada\",\"item\":\"https:\/\/www.certest.es\/es\/\"},{\"@type\":\"ListItem\",\"position\":2,\"name\":\"Compa\u00f1\u00eda\",\"item\":\"https:\/\/www.certest.es\/es\/compania\/\"},{\"@type\":\"ListItem\",\"position\":3,\"name\":\"Proyectos cofinanciados\"}]},{\"@type\":\"WebSite\",\"@id\":\"https:\/\/www.certest.es\/#website\",\"url\":\"https:\/\/www.certest.es\/\",\"name\":\"Certest Biotec - Raw Materials | Diagnostics | Pharma\",\"description\":\"Productos para diagn\u00f3stico in vitro\",\"potentialAction\":[{\"@type\":\"SearchAction\",\"target\":{\"@type\":\"EntryPoint\",\"urlTemplate\":\"https:\/\/www.certest.es\/?s={search_term_string}\"},\"query-input\":{\"@type\":\"PropertyValueSpecification\",\"valueRequired\":true,\"valueName\":\"search_term_string\"}}],\"inLanguage\":\"es\"}]}<\/script>\n<!-- \/ Yoast SEO plugin. -->","yoast_head_json":{"title":"Proyectos cofinanciados - Certest Biotec - Raw Materials | Diagnostics | Pharma","robots":{"index":"index","follow":"follow","max-snippet":"max-snippet:-1","max-image-preview":"max-image-preview:large","max-video-preview":"max-video-preview:-1"},"canonical":"https:\/\/www.certest.es\/es\/compania\/proyectos-cofinanciados\/","og_locale":"es_ES","og_type":"article","og_title":"Proyectos cofinanciados - Certest Biotec - Raw Materials | Diagnostics | Pharma","og_url":"https:\/\/www.certest.es\/es\/compania\/proyectos-cofinanciados\/","og_site_name":"Certest Biotec - Raw Materials | Diagnostics | Pharma","article_modified_time":"2023-10-03T09:35:40+00:00","twitter_card":"summary_large_image","twitter_misc":{"Tiempo de lectura":"11 minutos"},"schema":{"@context":"https:\/\/schema.org","@graph":[{"@type":"WebPage","@id":"https:\/\/www.certest.es\/es\/compania\/proyectos-cofinanciados\/","url":"https:\/\/www.certest.es\/es\/compania\/proyectos-cofinanciados\/","name":"Proyectos cofinanciados - Certest Biotec - Raw Materials | Diagnostics | Pharma","isPartOf":{"@id":"https:\/\/www.certest.es\/#website"},"datePublished":"2021-03-25T08:40:04+00:00","dateModified":"2023-10-03T09:35:40+00:00","breadcrumb":{"@id":"https:\/\/www.certest.es\/es\/compania\/proyectos-cofinanciados\/#breadcrumb"},"inLanguage":"es","potentialAction":[{"@type":"ReadAction","target":["https:\/\/www.certest.es\/es\/compania\/proyectos-cofinanciados\/"]}]},{"@type":"BreadcrumbList","@id":"https:\/\/www.certest.es\/es\/compania\/proyectos-cofinanciados\/#breadcrumb","itemListElement":[{"@type":"ListItem","position":1,"name":"Portada","item":"https:\/\/www.certest.es\/es\/"},{"@type":"ListItem","position":2,"name":"Compa\u00f1\u00eda","item":"https:\/\/www.certest.es\/es\/compania\/"},{"@type":"ListItem","position":3,"name":"Proyectos cofinanciados"}]},{"@type":"WebSite","@id":"https:\/\/www.certest.es\/#website","url":"https:\/\/www.certest.es\/","name":"Certest Biotec - Raw Materials | Diagnostics | Pharma","description":"Productos para diagn\u00f3stico in vitro","potentialAction":[{"@type":"SearchAction","target":{"@type":"EntryPoint","urlTemplate":"https:\/\/www.certest.es\/?s={search_term_string}"},"query-input":{"@type":"PropertyValueSpecification","valueRequired":true,"valueName":"search_term_string"}}],"inLanguage":"es"}]}},"_links":{"self":[{"href":"https:\/\/www.certest.es\/es\/wp-json\/wp\/v2\/pages\/17012","targetHints":{"allow":["GET"]}}],"collection":[{"href":"https:\/\/www.certest.es\/es\/wp-json\/wp\/v2\/pages"}],"about":[{"href":"https:\/\/www.certest.es\/es\/wp-json\/wp\/v2\/types\/page"}],"author":[{"embeddable":true,"href":"https:\/\/www.certest.es\/es\/wp-json\/wp\/v2\/users\/1"}],"replies":[{"embeddable":true,"href":"https:\/\/www.certest.es\/es\/wp-json\/wp\/v2\/comments?post=17012"}],"version-history":[{"count":0,"href":"https:\/\/www.certest.es\/es\/wp-json\/wp\/v2\/pages\/17012\/revisions"}],"up":[{"embeddable":true,"href":"https:\/\/www.certest.es\/es\/wp-json\/wp\/v2\/pages\/15"}],"wp:attachment":[{"href":"https:\/\/www.certest.es\/es\/wp-json\/wp\/v2\/media?parent=17012"}],"curies":[{"name":"wp","href":"https:\/\/api.w.org\/{rel}","templated":true}]}}